{"id":1785,"date":"2019-06-13T17:37:32","date_gmt":"2019-06-13T15:37:32","guid":{"rendered":"http:\/\/kcmen.net\/productos\/"},"modified":"2020-10-13T11:41:56","modified_gmt":"2020-10-13T09:41:56","slug":"produits","status":"publish","type":"page","link":"https:\/\/kcmen.net\/fr\/produits\/","title":{"rendered":"Produits"},"content":{"rendered":"<p>[vc_row full_width=\u00a0\u00bbstretch_row_content_no_spaces\u00a0\u00bb][vc_column]\n   <section class='header-image ' style='background-image:linear-gradient(rgba(0, 0, 0, 0.5), rgba(0, 0, 0, 0.5)),  url(https:\/\/kcmen.net\/wp-content\/uploads\/2019\/07\/kcm_productos.jpg);'>\n    <div class='container text-center text-white'>\n        <h1 class='h2 font-light mt-4 mb-0  '>Produits<\/h1>\n        <p class='mt-0 mb-4'><a href='https:\/\/kcmen.net\/fr\/'>Inicio<\/a> \/ Produits<\/p>\n    <\/div>\n    <\/section>\n    [\/vc_column][\/vc_row][vc_row full_width=\u00a0\u00bbstretch_row\u00a0\u00bb el_class=\u00a0\u00bbpt-5 pb-5&Prime;][vc_column]\n            <div class=\"productos aaa row\">\n            \n                \n\n        <article class=\"col-md-6 col-lg-4 producto d-flex flex-column mb-4\">\n\n            <a class=\"link\" href=\"https:\/\/kcmen.net\/fr\/productos\/melangeurs-internes\/\">\n            <figure class=\"image\">\n                <div class=\"image-bg\" style=\"background-image: url(https:\/\/kcmen.net\/wp-content\/uploads\/2019\/06\/Mezcladores-internos-cabecera.png);\">\n                <\/div>\n                <div class=\"circle\"><span class=\"fa fa-plus\"><\/span><\/div>\n            <\/figure>\n            <\/a>\n            <div class=\"content border h-100 p-3\">\n                \n                <h4 class=\"h4 font-weight-bold\">\n                    <a href=\"https:\/\/kcmen.net\/fr\/productos\/melangeurs-internes\/\">\n                        M\u00e9langeurs internes\n                    <\/a>\n\n                <\/h4>\n                <!-- KCM s&rsquo;appuie sur une longue exp\u00e9rience concernant les m\u00e9langeurs internes pour les compos\u00e9s de polym\u00e8res. -->\n            <\/div>\n            \n        <\/article>\n\n\n\n\n\n\n\n\n\n        \n\n        <article class=\"col-md-6 col-lg-4 producto d-flex flex-column mb-4\">\n\n            <a class=\"link\" href=\"https:\/\/kcmen.net\/fr\/productos\/melangeurs-a-cylindres\/\">\n            <figure class=\"image\">\n                <div class=\"image-bg\" style=\"background-image: url(https:\/\/kcmen.net\/wp-content\/uploads\/2019\/06\/indice_mezcladores_cilindros2-1200x792.png);\">\n                <\/div>\n                <div class=\"circle\"><span class=\"fa fa-plus\"><\/span><\/div>\n            <\/figure>\n            <\/a>\n            <div class=\"content border h-100 p-3\">\n                \n                <h4 class=\"h4 font-weight-bold\">\n                    <a href=\"https:\/\/kcmen.net\/fr\/productos\/melangeurs-a-cylindres\/\">\n                        M\u00e9langeurs \u00e0 cylindres\n                    <\/a>\n\n                <\/h4>\n                <!-- Ample gamme de mod\u00e8les industriels et de laboratoire Vitesse des cylindres et rapport de friction... <a class=\"read-more\" href=\"https:\/\/kcmen.net\/fr\/productos\/melangeurs-a-cylindres\/\">leer m\u00e1s<\/a> -->\n            <\/div>\n            \n        <\/article>\n\n\n\n\n\n\n\n\n\n        \n\n        <article class=\"col-md-6 col-lg-4 producto d-flex flex-column mb-4\">\n\n            <a class=\"link\" href=\"https:\/\/kcmen.net\/fr\/productos\/filtreuses\/\">\n            <figure class=\"image\">\n                <div class=\"image-bg\" style=\"background-image: url(https:\/\/kcmen.net\/wp-content\/uploads\/2019\/07\/Inicio-filtradora.png);\">\n                <\/div>\n                <div class=\"circle\"><span class=\"fa fa-plus\"><\/span><\/div>\n            <\/figure>\n            <\/a>\n            <div class=\"content border h-100 p-3\">\n                \n                <h4 class=\"h4 font-weight-bold\">\n                    <a href=\"https:\/\/kcmen.net\/fr\/productos\/filtreuses\/\">\n                        Filtreuses\n                    <\/a>\n\n                <\/h4>\n                <!-- Le filtrage du caoutchouc est un processus essentiel pour obtenir un produit final de haute... <a class=\"read-more\" href=\"https:\/\/kcmen.net\/fr\/productos\/filtreuses\/\">leer m\u00e1s<\/a> -->\n            <\/div>\n            \n        <\/article>\n\n\n\n\n\n\n\n\n\n        \n\n        <article class=\"col-md-6 col-lg-4 producto d-flex flex-column mb-4\">\n\n            <a class=\"link\" href=\"https:\/\/kcmen.net\/fr\/productos\/presses-hydrauliques\/\">\n            <figure class=\"image\">\n                <div class=\"image-bg\" style=\"background-image: url(https:\/\/kcmen.net\/wp-content\/uploads\/2019\/06\/maquina-1200x792.png);\">\n                <\/div>\n                <div class=\"circle\"><span class=\"fa fa-plus\"><\/span><\/div>\n            <\/figure>\n            <\/a>\n            <div class=\"content border h-100 p-3\">\n                \n                <h4 class=\"h4 font-weight-bold\">\n                    <a href=\"https:\/\/kcmen.net\/fr\/productos\/presses-hydrauliques\/\">\n                        Presses hydrauliques\n                    <\/a>\n\n                <\/h4>\n                <!-- KCM fournit des presses hydrauliques pour processus sp\u00e9cifiques et pour laboratoire -->\n            <\/div>\n            \n        <\/article>\n\n\n\n\n\n\n\n\n\n        \n\n        <article class=\"col-md-6 col-lg-4 producto d-flex flex-column mb-4\">\n\n            <a class=\"link\" href=\"https:\/\/kcmen.net\/fr\/productos\/extrudeuses\/\">\n            <figure class=\"image\">\n                <div class=\"image-bg\" style=\"background-image: url(https:\/\/kcmen.net\/wp-content\/uploads\/2019\/06\/Inicio-extrusora.png);\">\n                <\/div>\n                <div class=\"circle\"><span class=\"fa fa-plus\"><\/span><\/div>\n            <\/figure>\n            <\/a>\n            <div class=\"content border h-100 p-3\">\n                \n                <h4 class=\"h4 font-weight-bold\">\n                    <a href=\"https:\/\/kcmen.net\/fr\/productos\/extrudeuses\/\">\n                        Extrudeuses\n                    <\/a>\n\n                <\/h4>\n                <!-- Nous fournissons des extrudeuses individuelles munies de t\u00eates sp\u00e9cifiques et des installations compl\u00e8tes pour profil\u00e9s... <a class=\"read-more\" href=\"https:\/\/kcmen.net\/fr\/productos\/extrudeuses\/\">leer m\u00e1s<\/a> -->\n            <\/div>\n            \n        <\/article>\n\n\n\n\n\n\n\n\n\n        \n\n        <article class=\"col-md-6 col-lg-4 producto d-flex flex-column mb-4\">\n\n            <a class=\"link\" href=\"https:\/\/kcmen.net\/fr\/productos\/lignes-dextrusion-completes\/\">\n            <figure class=\"image\">\n                <div class=\"image-bg\" style=\"background-image: url(https:\/\/kcmen.net\/wp-content\/uploads\/2019\/06\/lineas_home.jpg);\">\n                <\/div>\n                <div class=\"circle\"><span class=\"fa fa-plus\"><\/span><\/div>\n            <\/figure>\n            <\/a>\n            <div class=\"content border h-100 p-3\">\n                \n                <h4 class=\"h4 font-weight-bold\">\n                    <a href=\"https:\/\/kcmen.net\/fr\/productos\/lignes-dextrusion-completes\/\">\n                        Lignes d&rsquo;extrusion compl\u00e8tes\n                    <\/a>\n\n                <\/h4>\n                <!-- KCM met au point des lignes d&rsquo;extrusion compl\u00e8tes pour la production de : Profil\u00e9s pour... <a class=\"read-more\" href=\"https:\/\/kcmen.net\/fr\/productos\/lignes-dextrusion-completes\/\">leer m\u00e1s<\/a> -->\n            <\/div>\n            \n        <\/article>\n\n\n\n\n\n\n\n\n\n        \n             \n            <\/div>\n\n            [\/vc_column][\/vc_row]<\/p>\n","protected":false},"excerpt":{"rendered":"<p>[vc_row full_width=\u00a0\u00bbstretch_row_content_no_spaces\u00a0\u00bb][vc_column][\/vc_column][\/vc_row][vc_row full_width=\u00a0\u00bbstretch_row\u00a0\u00bb el_class=\u00a0\u00bbpt-5 pb-5&Prime;][vc_column][\/vc_column][\/vc_row]<\/p>\n","protected":false},"author":1,"featured_media":0,"parent":0,"menu_order":15,"comment_status":"closed","ping_status":"closed","template":"","meta":[],"acf":[],"yoast_head":"<!-- This site is optimized with the Yoast SEO plugin v20.1 - https:\/\/yoast.com\/wordpress\/plugins\/seo\/ -->\n<title>- Produits<\/title>\n<meta name=\"robots\" content=\"index, follow, max-snippet:-1, max-image-preview:large, max-video-preview:-1\" \/>\n<link rel=\"canonical\" href=\"https:\/\/kcmen.net\/fr\/produits\/\" \/>\n<meta property=\"og:locale\" content=\"fr_FR\" \/>\n<meta property=\"og:type\" content=\"article\" \/>\n<meta property=\"og:title\" content=\"- Produits\" \/>\n<meta property=\"og:description\" content=\"[vc_row full_width=\u00a0\u00bbstretch_row_content_no_spaces\u00a0\u00bb][vc_column][\/vc_column][\/vc_row][vc_row full_width=\u00a0\u00bbstretch_row\u00a0\u00bb el_class=\u00a0\u00bbpt-5 pb-5&Prime;][vc_column][\/vc_column][\/vc_row]\" \/>\n<meta property=\"og:url\" content=\"https:\/\/kcmen.net\/fr\/produits\/\" \/>\n<meta property=\"og:site_name\" content=\"KCM\" \/>\n<meta property=\"article:modified_time\" content=\"2020-10-13T09:41:56+00:00\" \/>\n<meta name=\"twitter:card\" content=\"summary_large_image\" \/>\n<script type=\"application\/ld+json\" class=\"yoast-schema-graph\">{\"@context\":\"https:\/\/schema.org\",\"@graph\":[{\"@type\":\"WebPage\",\"@id\":\"https:\/\/kcmen.net\/fr\/produits\/\",\"url\":\"https:\/\/kcmen.net\/fr\/produits\/\",\"name\":\"- Produits\",\"isPartOf\":{\"@id\":\"https:\/\/kcmen.net\/fr\/#website\"},\"datePublished\":\"2019-06-13T15:37:32+00:00\",\"dateModified\":\"2020-10-13T09:41:56+00:00\",\"breadcrumb\":{\"@id\":\"https:\/\/kcmen.net\/fr\/produits\/#breadcrumb\"},\"inLanguage\":\"fr-FR\",\"potentialAction\":[{\"@type\":\"ReadAction\",\"target\":[\"https:\/\/kcmen.net\/fr\/produits\/\"]}]},{\"@type\":\"BreadcrumbList\",\"@id\":\"https:\/\/kcmen.net\/fr\/produits\/#breadcrumb\",\"itemListElement\":[{\"@type\":\"ListItem\",\"position\":1,\"name\":\"Portada\",\"item\":\"https:\/\/kcmen.net\/fr\/\"},{\"@type\":\"ListItem\",\"position\":2,\"name\":\"Produits\"}]},{\"@type\":\"WebSite\",\"@id\":\"https:\/\/kcmen.net\/fr\/#website\",\"url\":\"https:\/\/kcmen.net\/fr\/\",\"name\":\"KCM\",\"description\":\"Engineering for Elastomers Processing\",\"potentialAction\":[{\"@type\":\"SearchAction\",\"target\":{\"@type\":\"EntryPoint\",\"urlTemplate\":\"https:\/\/kcmen.net\/fr\/?s={search_term_string}\"},\"query-input\":\"required name=search_term_string\"}],\"inLanguage\":\"fr-FR\"}]}<\/script>\n<!-- \/ Yoast SEO plugin. -->","yoast_head_json":{"title":"- Produits","robots":{"index":"index","follow":"follow","max-snippet":"max-snippet:-1","max-image-preview":"max-image-preview:large","max-video-preview":"max-video-preview:-1"},"canonical":"https:\/\/kcmen.net\/fr\/produits\/","og_locale":"fr_FR","og_type":"article","og_title":"- Produits","og_description":"[vc_row full_width=\u00a0\u00bbstretch_row_content_no_spaces\u00a0\u00bb][vc_column][\/vc_column][\/vc_row][vc_row full_width=\u00a0\u00bbstretch_row\u00a0\u00bb el_class=\u00a0\u00bbpt-5 pb-5&Prime;][vc_column][\/vc_column][\/vc_row]","og_url":"https:\/\/kcmen.net\/fr\/produits\/","og_site_name":"KCM","article_modified_time":"2020-10-13T09:41:56+00:00","twitter_card":"summary_large_image","schema":{"@context":"https:\/\/schema.org","@graph":[{"@type":"WebPage","@id":"https:\/\/kcmen.net\/fr\/produits\/","url":"https:\/\/kcmen.net\/fr\/produits\/","name":"- Produits","isPartOf":{"@id":"https:\/\/kcmen.net\/fr\/#website"},"datePublished":"2019-06-13T15:37:32+00:00","dateModified":"2020-10-13T09:41:56+00:00","breadcrumb":{"@id":"https:\/\/kcmen.net\/fr\/produits\/#breadcrumb"},"inLanguage":"fr-FR","potentialAction":[{"@type":"ReadAction","target":["https:\/\/kcmen.net\/fr\/produits\/"]}]},{"@type":"BreadcrumbList","@id":"https:\/\/kcmen.net\/fr\/produits\/#breadcrumb","itemListElement":[{"@type":"ListItem","position":1,"name":"Portada","item":"https:\/\/kcmen.net\/fr\/"},{"@type":"ListItem","position":2,"name":"Produits"}]},{"@type":"WebSite","@id":"https:\/\/kcmen.net\/fr\/#website","url":"https:\/\/kcmen.net\/fr\/","name":"KCM","description":"Engineering for Elastomers Processing","potentialAction":[{"@type":"SearchAction","target":{"@type":"EntryPoint","urlTemplate":"https:\/\/kcmen.net\/fr\/?s={search_term_string}"},"query-input":"required name=search_term_string"}],"inLanguage":"fr-FR"}]}},"_links":{"self":[{"href":"https:\/\/kcmen.net\/fr\/wp-json\/wp\/v2\/pages\/1785"}],"collection":[{"href":"https:\/\/kcmen.net\/fr\/wp-json\/wp\/v2\/pages"}],"about":[{"href":"https:\/\/kcmen.net\/fr\/wp-json\/wp\/v2\/types\/page"}],"author":[{"embeddable":true,"href":"https:\/\/kcmen.net\/fr\/wp-json\/wp\/v2\/users\/1"}],"replies":[{"embeddable":true,"href":"https:\/\/kcmen.net\/fr\/wp-json\/wp\/v2\/comments?post=1785"}],"version-history":[{"count":0,"href":"https:\/\/kcmen.net\/fr\/wp-json\/wp\/v2\/pages\/1785\/revisions"}],"wp:attachment":[{"href":"https:\/\/kcmen.net\/fr\/wp-json\/wp\/v2\/media?parent=1785"}],"curies":[{"name":"wp","href":"https:\/\/api.w.org\/{rel}","templated":true}]}}