{"id":1066,"date":"2019-06-12T17:17:16","date_gmt":"2019-06-12T15:17:16","guid":{"rendered":"http:\/\/kcmen.net\/compania\/"},"modified":"2020-10-09T13:08:30","modified_gmt":"2020-10-09T11:08:30","slug":"compania","status":"publish","type":"page","link":"https:\/\/kcmen.net\/fr\/compania\/","title":{"rendered":"Compagnie"},"content":{"rendered":"<p>[vc_row full_width=\u00a0\u00bbstretch_row_content_no_spaces\u00a0\u00bb][vc_column]\n   <section class='header-image ' style='background-image:linear-gradient(rgba(0, 0, 0, 0.5), rgba(0, 0, 0, 0.5)),  url(https:\/\/kcmen.net\/wp-content\/uploads\/2019\/07\/compania_home.jpg);'>\n    <div class='container text-center text-white'>\n        <h1 class='h2 font-light mt-4 mb-0  '>Compagnie<\/h1>\n        <p class='mt-0 mb-4'><a href='https:\/\/kcmen.net\/fr\/'>Inicio<\/a> \/ Compagnie<\/p>\n    <\/div>\n    <\/section>\n    [\/vc_column][\/vc_row][vc_row full_width=\u00a0\u00bbstretch_row\u00a0\u00bb el_class=\u00a0\u00bbpt-5&Prime;][vc_column width=\u00a0\u00bb1\/2&Prime;][vc_column_text]<strong class=\"text-primary\">Nous conna\u00eetre<\/strong><\/p>\n<h3 style=\"text-align: left;\"><strong>Plus de <span class=\"text-primary\">30 ans<\/span> dans le secteur de l&rsquo;ing\u00e9nierie et de la construction de machines<\/strong><\/h3>\n<p>Forte d&rsquo;une longue exp\u00e9rience, la soci\u00e9t\u00e9 KCM se consacre \u00e0 l&rsquo;ing\u00e9nierie et \u00e0 la production de machines pour l&rsquo;industrie du caoutchouc. L&rsquo;innovation est notre ma\u00eetre-mot et notre objectif permanent.<\/p>\n<p>Adapt\u00e9es aux besoins des clients, nos machines sont dot\u00e9es des technologies de derni\u00e8re g\u00e9n\u00e9ration et garantissent une qualit\u00e9 maximale.<\/p>\n<p>KCM fournit des lignes de processus compl\u00e8tes et les \u00e9quipements compl\u00e9mentaires n\u00e9cessaires \u00e0 la mise en place des projets de ses clients. La soci\u00e9t\u00e9 optimise \u00e9galement les machines existantes pour en am\u00e9liorer le rendement et garantir une production de haute qualit\u00e9.<br \/>\n[\/vc_column_text][vc_empty_space height=\u00a0\u00bb4px\u00a0\u00bb el_class=\u00a0\u00bbbg-primary mt-5 mb-5&Prime;][vc_single_image image=\u00a0\u00bb483&Prime; img_size=\u00a0\u00bblarge\u00a0\u00bb][\/vc_column][vc_column width=\u00a0\u00bb1\/2&Prime;][vc_single_image image=\u00a0\u00bb431&Prime; img_size=\u00a0\u00bblarge\u00a0\u00bb][vc_column_text]<\/p>\n<h3 style=\"text-align: left;\"><strong>Depuis <span class=\"text-primary\">1.989<\/span>, au service de nos clients<\/strong><\/h3>\n<p>Depuis 30 ans, KCM s&rsquo;est employ\u00e9 \u00e0 apporter toutes ses connaissances et son expertise \u00e0 chaque projet, en mettant au point les machines adapt\u00e9es aux besoins sp\u00e9cifiques des clients et en proposant un service technique personnalis\u00e9, garantissant de hauts rendements et la qualit\u00e9 du produit final.[\/vc_column_text][vc_column_text]<\/p>\n<h3 style=\"text-align: left;\"><strong>Une pr\u00e9sence internationale<\/strong><\/h3>\n<p>Conseillers, collaborateurs et fournisseurs d&rsquo;ing\u00e9nierie et de machines, nous sommes au service du secteur du caoutchouc et autres polym\u00e8res. Notre client\u00e8le, nationale et internationale, rel\u00e8ve autant de l&rsquo;industrie du pneu que de la production de pi\u00e8ces techniques et de c\u00e2bles.[\/vc_column_text][vc_column_text]<\/p>\n<h3 style=\"text-align: left;\"><strong>Durabilit\u00e9<\/strong><\/h3>\n<p>Soucieuse de l&rsquo;environnement, KCM se base sur des principes de d\u00e9veloppement durable, pour \u00e9viter les \u00e9missions polluantes et se conformer aux dispositions l\u00e9gales dans ses processus de fabrication et de maintenance des machines.[\/vc_column_text][\/vc_column][\/vc_row][vc_row full_width=\u00a0\u00bbstretch_row\u00a0\u00bb el_class=\u00a0\u00bbpb-5&Prime;][vc_column][vc_empty_space height=\u00a0\u00bb4px\u00a0\u00bb el_class=\u00a0\u00bbbg-primary mt-5 mb-5&Prime;][vc_column_text]<strong class=\"text-primary\">Services<\/strong><\/p>\n<h3 style=\"text-align: left;\"><strong>Avant et apr\u00e8s-vente<\/strong><\/h3>\n<p>Le d\u00e9partement commercial propose une solution adapt\u00e9e \u00e0 chaque besoin, \u00e9paul\u00e9 par trois d\u00e9cennies d&rsquo;expertise en machines pour l&rsquo;industrie du caoutchouc. En outre, KCM met \u00e0 votre disposition son Service Technique et son personnel hautement qualifi\u00e9 et exp\u00e9riment\u00e9 tant en processus du caoutchouc que dans les aspects m\u00e9caniques et \u00e9lectroniques.[\/vc_column_text][\/vc_column][\/vc_row]<\/p>\n","protected":false},"excerpt":{"rendered":"<p>[vc_row full_width=\u00a0\u00bbstretch_row_content_no_spaces\u00a0\u00bb][vc_column][\/vc_column][\/vc_row][vc_row full_width=\u00a0\u00bbstretch_row\u00a0\u00bb el_class=\u00a0\u00bbpt-5&Prime;][vc_column width=\u00a0\u00bb1\/2&Prime;][vc_column_text]Nous conna\u00eetre Plus de 30 ans dans le secteur de l&rsquo;ing\u00e9nierie&#8230; <a class=\"read-more\" href=\"https:\/\/kcmen.net\/fr\/compania\/\">leer m\u00e1s<\/a><\/p>\n","protected":false},"author":1,"featured_media":0,"parent":0,"menu_order":6,"comment_status":"closed","ping_status":"closed","template":"","meta":[],"acf":[],"yoast_head":"<!-- This site is optimized with the Yoast SEO plugin v20.1 - https:\/\/yoast.com\/wordpress\/plugins\/seo\/ -->\n<title>- Compagnie<\/title>\n<meta name=\"robots\" content=\"index, follow, max-snippet:-1, max-image-preview:large, max-video-preview:-1\" \/>\n<link rel=\"canonical\" href=\"https:\/\/kcmen.net\/fr\/compania\/\" \/>\n<meta property=\"og:locale\" content=\"fr_FR\" \/>\n<meta property=\"og:type\" content=\"article\" \/>\n<meta property=\"og:title\" content=\"- Compagnie\" \/>\n<meta property=\"og:description\" content=\"[vc_row full_width=\u00a0\u00bbstretch_row_content_no_spaces\u00a0\u00bb][vc_column][\/vc_column][\/vc_row][vc_row full_width=\u00a0\u00bbstretch_row\u00a0\u00bb el_class=\u00a0\u00bbpt-5&Prime;][vc_column width=\u00a0\u00bb1\/2&Prime;][vc_column_text]Nous conna\u00eetre Plus de 30 ans dans le secteur de l&rsquo;ing\u00e9nierie... leer m\u00e1s\" \/>\n<meta property=\"og:url\" content=\"https:\/\/kcmen.net\/fr\/compania\/\" \/>\n<meta property=\"og:site_name\" content=\"KCM\" \/>\n<meta property=\"article:modified_time\" content=\"2020-10-09T11:08:30+00:00\" \/>\n<meta name=\"twitter:card\" content=\"summary_large_image\" \/>\n<meta name=\"twitter:label1\" content=\"Dur\u00e9e de lecture estim\u00e9e\" \/>\n\t<meta name=\"twitter:data1\" content=\"2 minutes\" \/>\n<script type=\"application\/ld+json\" class=\"yoast-schema-graph\">{\"@context\":\"https:\/\/schema.org\",\"@graph\":[{\"@type\":\"WebPage\",\"@id\":\"https:\/\/kcmen.net\/fr\/compania\/\",\"url\":\"https:\/\/kcmen.net\/fr\/compania\/\",\"name\":\"- Compagnie\",\"isPartOf\":{\"@id\":\"https:\/\/kcmen.net\/fr\/#website\"},\"datePublished\":\"2019-06-12T15:17:16+00:00\",\"dateModified\":\"2020-10-09T11:08:30+00:00\",\"breadcrumb\":{\"@id\":\"https:\/\/kcmen.net\/fr\/compania\/#breadcrumb\"},\"inLanguage\":\"fr-FR\",\"potentialAction\":[{\"@type\":\"ReadAction\",\"target\":[\"https:\/\/kcmen.net\/fr\/compania\/\"]}]},{\"@type\":\"BreadcrumbList\",\"@id\":\"https:\/\/kcmen.net\/fr\/compania\/#breadcrumb\",\"itemListElement\":[{\"@type\":\"ListItem\",\"position\":1,\"name\":\"Portada\",\"item\":\"https:\/\/kcmen.net\/fr\/\"},{\"@type\":\"ListItem\",\"position\":2,\"name\":\"Compagnie\"}]},{\"@type\":\"WebSite\",\"@id\":\"https:\/\/kcmen.net\/fr\/#website\",\"url\":\"https:\/\/kcmen.net\/fr\/\",\"name\":\"KCM\",\"description\":\"Engineering for Elastomers Processing\",\"potentialAction\":[{\"@type\":\"SearchAction\",\"target\":{\"@type\":\"EntryPoint\",\"urlTemplate\":\"https:\/\/kcmen.net\/fr\/?s={search_term_string}\"},\"query-input\":\"required name=search_term_string\"}],\"inLanguage\":\"fr-FR\"}]}<\/script>\n<!-- \/ Yoast SEO plugin. -->","yoast_head_json":{"title":"- Compagnie","robots":{"index":"index","follow":"follow","max-snippet":"max-snippet:-1","max-image-preview":"max-image-preview:large","max-video-preview":"max-video-preview:-1"},"canonical":"https:\/\/kcmen.net\/fr\/compania\/","og_locale":"fr_FR","og_type":"article","og_title":"- Compagnie","og_description":"[vc_row full_width=\u00a0\u00bbstretch_row_content_no_spaces\u00a0\u00bb][vc_column][\/vc_column][\/vc_row][vc_row full_width=\u00a0\u00bbstretch_row\u00a0\u00bb el_class=\u00a0\u00bbpt-5&Prime;][vc_column width=\u00a0\u00bb1\/2&Prime;][vc_column_text]Nous conna\u00eetre Plus de 30 ans dans le secteur de l&rsquo;ing\u00e9nierie... leer m\u00e1s","og_url":"https:\/\/kcmen.net\/fr\/compania\/","og_site_name":"KCM","article_modified_time":"2020-10-09T11:08:30+00:00","twitter_card":"summary_large_image","twitter_misc":{"Dur\u00e9e de lecture estim\u00e9e":"2 minutes"},"schema":{"@context":"https:\/\/schema.org","@graph":[{"@type":"WebPage","@id":"https:\/\/kcmen.net\/fr\/compania\/","url":"https:\/\/kcmen.net\/fr\/compania\/","name":"- Compagnie","isPartOf":{"@id":"https:\/\/kcmen.net\/fr\/#website"},"datePublished":"2019-06-12T15:17:16+00:00","dateModified":"2020-10-09T11:08:30+00:00","breadcrumb":{"@id":"https:\/\/kcmen.net\/fr\/compania\/#breadcrumb"},"inLanguage":"fr-FR","potentialAction":[{"@type":"ReadAction","target":["https:\/\/kcmen.net\/fr\/compania\/"]}]},{"@type":"BreadcrumbList","@id":"https:\/\/kcmen.net\/fr\/compania\/#breadcrumb","itemListElement":[{"@type":"ListItem","position":1,"name":"Portada","item":"https:\/\/kcmen.net\/fr\/"},{"@type":"ListItem","position":2,"name":"Compagnie"}]},{"@type":"WebSite","@id":"https:\/\/kcmen.net\/fr\/#website","url":"https:\/\/kcmen.net\/fr\/","name":"KCM","description":"Engineering for Elastomers Processing","potentialAction":[{"@type":"SearchAction","target":{"@type":"EntryPoint","urlTemplate":"https:\/\/kcmen.net\/fr\/?s={search_term_string}"},"query-input":"required name=search_term_string"}],"inLanguage":"fr-FR"}]}},"_links":{"self":[{"href":"https:\/\/kcmen.net\/fr\/wp-json\/wp\/v2\/pages\/1066"}],"collection":[{"href":"https:\/\/kcmen.net\/fr\/wp-json\/wp\/v2\/pages"}],"about":[{"href":"https:\/\/kcmen.net\/fr\/wp-json\/wp\/v2\/types\/page"}],"author":[{"embeddable":true,"href":"https:\/\/kcmen.net\/fr\/wp-json\/wp\/v2\/users\/1"}],"replies":[{"embeddable":true,"href":"https:\/\/kcmen.net\/fr\/wp-json\/wp\/v2\/comments?post=1066"}],"version-history":[{"count":0,"href":"https:\/\/kcmen.net\/fr\/wp-json\/wp\/v2\/pages\/1066\/revisions"}],"wp:attachment":[{"href":"https:\/\/kcmen.net\/fr\/wp-json\/wp\/v2\/media?parent=1066"}],"curies":[{"name":"wp","href":"https:\/\/api.w.org\/{rel}","templated":true}]}}