{"id":1037,"date":"2019-06-12T17:17:07","date_gmt":"2019-06-12T15:17:07","guid":{"rendered":"http:\/\/kcmen.net\/inicio\/"},"modified":"2020-10-13T11:55:17","modified_gmt":"2020-10-13T09:55:17","slug":"inicio","status":"publish","type":"page","link":"https:\/\/kcmen.net\/fr\/","title":{"rendered":"Accueil"},"content":{"rendered":"<p>[vc_row full_width=\u00a0\u00bbstretch_row_content_no_spaces\u00a0\u00bb][vc_column]\n        <div class='intro position-relative'>\n            <div class='slider-preloader'>\n                <div class='preloader-slider'>\n                    <span class='preloader-gif'><\/span>\n                <\/div>\n                <div class='position-absolute text'>\n                    <div class='container text-slide'>\n                        \n                        <h1 style=\"text-align: center;\"><strong>Production de machines <\/strong><br \/>\n<strong>pour l&rsquo;industrie du caoutchouc.<\/strong><\/h1>\n<p style=\"text-align: center;\">Nos machines sont adapt\u00e9es aux besoins des clients et dot\u00e9es de technologies de derni\u00e8re g\u00e9n\u00e9ration et de haute qualit\u00e9.<\/p>\n<p style=\"text-align: center;\"><a class=\"btn btn-primary\" href=\"\/fr\/compania\/\">Lire plus<\/a> <a class=\"btn btn-outline-primary bg-white\" href=\"\/fr\/contacto\/\">Contacter<\/a><\/p>\n\n                    <\/div>\n                <\/div>\n                <div class='slide-principal owl-carousel'>\n                <div class=\"slide\" style=\"background-image:linear-gradient(to right, rgba(0,0,0,0.4), rgba(0,0,0,0.2)), url(https:\/\/kcmen.net\/wp-content\/uploads\/2019\/07\/kcm_slide02-1200x546.jpg);\"><\/div><div class=\"slide\" style=\"background-image:linear-gradient(to right, rgba(0,0,0,0.4), rgba(0,0,0,0.2)), url(https:\/\/kcmen.net\/wp-content\/uploads\/2020\/06\/kcm_slide033-1200x546.jpg);\"><\/div>\n                <\/div>\n            <\/div>\n        <\/div>\n        [\/vc_column][\/vc_row][vc_row full_width=\u00a0\u00bbstretch_row\u00a0\u00bb el_class=\u00a0\u00bbpt-5 pb-5&Prime;][vc_column el_class=\u00a0\u00bbpt-5&Prime;][vc_row_inner equal_height=\u00a0\u00bbyes\u00a0\u00bb content_placement=\u00a0\u00bbmiddle\u00a0\u00bb][vc_column_inner el_class=\u00a0\u00bbpr-2 border-right border-primary\u00a0\u00bb width=\u00a0\u00bb1\/3&Prime;][vc_column_text el_class=\u00a0\u00bbtext-right\u00a0\u00bb]<img decoding=\"async\" class=\"alignnone size-medium wp-image-31\" src=\"http:\/\/kcmen.net\/wp-content\/uploads\/2019\/06\/logo-600x225.png\" alt=\"\" width=\"173\" \/>[\/vc_column_text][vc_column_text el_class=\u00a0\u00bbtext-right\u00a0\u00bb css=\u00a0\u00bb.vc_custom_1602240605078{margin-bottom: 0px !important;padding-bottom: 0px !important;}\u00a0\u00bb]<\/p>\n<h4><strong>LES SP\u00c9CIALISTES<\/strong><br \/>\n<strong>des machines pour l&rsquo;industrie du caoutchouc<\/strong><\/h4>\n<p>[\/vc_column_text][\/vc_column_inner][vc_column_inner width=\u00a0\u00bb2\/3&Prime;][vc_column_text css=\u00a0\u00bb.vc_custom_1602240619880{margin-top: 20px !important;margin-bottom: 20px !important;}\u00a0\u00bb]Depuis 1989, la soci\u00e9t\u00e9 KCM se consacre \u00e0 l&rsquo;ing\u00e9nierie et \u00e0 la production de machines pour l&rsquo;industrie du caoutchouc.[\/vc_column_text][vc_raw_html el_class=\u00a0\u00bbtext-right\u00a0\u00bb]JTNDYSUyMGhyZWYlM0QlMjIlMkZmciUyRmNvbXBhbmlhJTIyJTIwY2xhc3MlM0QlMjJidG4lMjBidG4tcHJpbWFyeSUyMHRleHQtcmlnaHQlMjIlM0VFbiUyMHNhdm9pciUyMHBsdXMlM0MlMkZhJTNF[\/vc_raw_html][\/vc_column_inner][\/vc_row_inner][\/vc_column][\/vc_row][vc_row full_width=\u00a0\u00bbstretch_row\u00a0\u00bb el_class=\u00a0\u00bbpt-5 pb-2&Prime;][vc_column][vc_row_inner][vc_column_inner]\n            <div class=\"productos aaa row\">\n            \n                \n\n        <article class=\"col-md-6 col-lg-4 producto d-flex flex-column mb-4\">\n\n            <a class=\"link\" href=\"https:\/\/kcmen.net\/fr\/productos\/melangeurs-internes\/\">\n            <figure class=\"image\">\n                <div class=\"image-bg\" style=\"background-image: url(https:\/\/kcmen.net\/wp-content\/uploads\/2019\/06\/Mezcladores-internos-cabecera.png);\">\n                <\/div>\n                <div class=\"circle\"><span class=\"fa fa-plus\"><\/span><\/div>\n            <\/figure>\n            <\/a>\n            <div class=\"content border h-100 p-3\">\n                \n                <h4 class=\"h4 font-weight-bold\">\n                    <a href=\"https:\/\/kcmen.net\/fr\/productos\/melangeurs-internes\/\">\n                        M\u00e9langeurs internes\n                    <\/a>\n\n                <\/h4>\n                <!-- KCM s&rsquo;appuie sur une longue exp\u00e9rience concernant les m\u00e9langeurs internes pour les compos\u00e9s de polym\u00e8res. -->\n            <\/div>\n            \n        <\/article>\n\n\n\n\n\n\n\n\n\n        \n\n        <article class=\"col-md-6 col-lg-4 producto d-flex flex-column mb-4\">\n\n            <a class=\"link\" href=\"https:\/\/kcmen.net\/fr\/productos\/melangeurs-a-cylindres\/\">\n            <figure class=\"image\">\n                <div class=\"image-bg\" style=\"background-image: url(https:\/\/kcmen.net\/wp-content\/uploads\/2019\/06\/indice_mezcladores_cilindros2-1200x792.png);\">\n                <\/div>\n                <div class=\"circle\"><span class=\"fa fa-plus\"><\/span><\/div>\n            <\/figure>\n            <\/a>\n            <div class=\"content border h-100 p-3\">\n                \n                <h4 class=\"h4 font-weight-bold\">\n                    <a href=\"https:\/\/kcmen.net\/fr\/productos\/melangeurs-a-cylindres\/\">\n                        M\u00e9langeurs \u00e0 cylindres\n                    <\/a>\n\n                <\/h4>\n                <!-- Ample gamme de mod\u00e8les industriels et de laboratoire Vitesse des cylindres et rapport de friction... <a class=\"read-more\" href=\"https:\/\/kcmen.net\/fr\/productos\/melangeurs-a-cylindres\/\">leer m\u00e1s<\/a> -->\n            <\/div>\n            \n        <\/article>\n\n\n\n\n\n\n\n\n\n        \n\n        <article class=\"col-md-6 col-lg-4 producto d-flex flex-column mb-4\">\n\n            <a class=\"link\" href=\"https:\/\/kcmen.net\/fr\/productos\/filtreuses\/\">\n            <figure class=\"image\">\n                <div class=\"image-bg\" style=\"background-image: url(https:\/\/kcmen.net\/wp-content\/uploads\/2019\/07\/Inicio-filtradora.png);\">\n                <\/div>\n                <div class=\"circle\"><span class=\"fa fa-plus\"><\/span><\/div>\n            <\/figure>\n            <\/a>\n            <div class=\"content border h-100 p-3\">\n                \n                <h4 class=\"h4 font-weight-bold\">\n                    <a href=\"https:\/\/kcmen.net\/fr\/productos\/filtreuses\/\">\n                        Filtreuses\n                    <\/a>\n\n                <\/h4>\n                <!-- Le filtrage du caoutchouc est un processus essentiel pour obtenir un produit final de haute... <a class=\"read-more\" href=\"https:\/\/kcmen.net\/fr\/productos\/filtreuses\/\">leer m\u00e1s<\/a> -->\n            <\/div>\n            \n        <\/article>\n\n\n\n\n\n\n\n\n\n        \n\n        <article class=\"col-md-6 col-lg-4 producto d-flex flex-column mb-4\">\n\n            <a class=\"link\" href=\"https:\/\/kcmen.net\/fr\/productos\/presses-hydrauliques\/\">\n            <figure class=\"image\">\n                <div class=\"image-bg\" style=\"background-image: url(https:\/\/kcmen.net\/wp-content\/uploads\/2019\/06\/maquina-1200x792.png);\">\n                <\/div>\n                <div class=\"circle\"><span class=\"fa fa-plus\"><\/span><\/div>\n            <\/figure>\n            <\/a>\n            <div class=\"content border h-100 p-3\">\n                \n                <h4 class=\"h4 font-weight-bold\">\n                    <a href=\"https:\/\/kcmen.net\/fr\/productos\/presses-hydrauliques\/\">\n                        Presses hydrauliques\n                    <\/a>\n\n                <\/h4>\n                <!-- KCM fournit des presses hydrauliques pour processus sp\u00e9cifiques et pour laboratoire -->\n            <\/div>\n            \n        <\/article>\n\n\n\n\n\n\n\n\n\n        \n\n        <article class=\"col-md-6 col-lg-4 producto d-flex flex-column mb-4\">\n\n            <a class=\"link\" href=\"https:\/\/kcmen.net\/fr\/productos\/extrudeuses\/\">\n            <figure class=\"image\">\n                <div class=\"image-bg\" style=\"background-image: url(https:\/\/kcmen.net\/wp-content\/uploads\/2019\/06\/Inicio-extrusora.png);\">\n                <\/div>\n                <div class=\"circle\"><span class=\"fa fa-plus\"><\/span><\/div>\n            <\/figure>\n            <\/a>\n            <div class=\"content border h-100 p-3\">\n                \n                <h4 class=\"h4 font-weight-bold\">\n                    <a href=\"https:\/\/kcmen.net\/fr\/productos\/extrudeuses\/\">\n                        Extrudeuses\n                    <\/a>\n\n                <\/h4>\n                <!-- Nous fournissons des extrudeuses individuelles munies de t\u00eates sp\u00e9cifiques et des installations compl\u00e8tes pour profil\u00e9s... <a class=\"read-more\" href=\"https:\/\/kcmen.net\/fr\/productos\/extrudeuses\/\">leer m\u00e1s<\/a> -->\n            <\/div>\n            \n        <\/article>\n\n\n\n\n\n\n\n\n\n        \n\n        <article class=\"col-md-6 col-lg-4 producto d-flex flex-column mb-4\">\n\n            <a class=\"link\" href=\"https:\/\/kcmen.net\/fr\/productos\/lignes-dextrusion-completes\/\">\n            <figure class=\"image\">\n                <div class=\"image-bg\" style=\"background-image: url(https:\/\/kcmen.net\/wp-content\/uploads\/2019\/06\/lineas_home.jpg);\">\n                <\/div>\n                <div class=\"circle\"><span class=\"fa fa-plus\"><\/span><\/div>\n            <\/figure>\n            <\/a>\n            <div class=\"content border h-100 p-3\">\n                \n                <h4 class=\"h4 font-weight-bold\">\n                    <a href=\"https:\/\/kcmen.net\/fr\/productos\/lignes-dextrusion-completes\/\">\n                        Lignes d&rsquo;extrusion compl\u00e8tes\n                    <\/a>\n\n                <\/h4>\n                <!-- KCM met au point des lignes d&rsquo;extrusion compl\u00e8tes pour la production de : Profil\u00e9s pour... <a class=\"read-more\" href=\"https:\/\/kcmen.net\/fr\/productos\/lignes-dextrusion-completes\/\">leer m\u00e1s<\/a> -->\n            <\/div>\n            \n        <\/article>\n\n\n\n\n\n\n\n\n\n        \n             \n            <\/div>\n\n            [\/vc_column_inner][\/vc_row_inner][\/vc_column][\/vc_row][vc_row full_width=\u00a0\u00bbstretch_row\u00a0\u00bb el_class=\u00a0\u00bbpt-5 pb-5&Prime;][vc_column][vc_empty_space height=\u00a0\u00bb5px\u00a0\u00bb el_class=\u00a0\u00bbbg-primary\u00a0\u00bb][\/vc_column][\/vc_row][vc_row full_width=\u00a0\u00bbstretch_row\u00a0\u00bb el_class=\u00a0\u00bbpt-4 pb-5&Prime;][vc_column][vc_row_inner][vc_column_inner]\n            <div class=\"novetats owl-carousel\">\n            \n                \n\n        <article class=\"novetat d-flex flex-column\">\n\n            <a class=\"\" href=\"https:\/\/kcmen.net\/fr\/asesoramiento-en-fotonica-para-el-calculo-del-desgaste-de-camaras-de-mezclador-interno\/\">\n            <figure class=\"image\">\n                <div class=\"image-bg\" style=\"background-image: url(https:\/\/kcmen.net\/wp-content\/uploads\/2025\/11\/ACCIO_GENCAT.jpg);\">\n                <\/div>\n            <\/figure>\n            <\/a>\n            <div class=\"content pt-3\">\n                \n                <h4 class=\"h5 font-weight-bold\">\n                    <a href=\"https:\/\/kcmen.net\/fr\/asesoramiento-en-fotonica-para-el-calculo-del-desgaste-de-camaras-de-mezclador-interno\/\">\n                        Asesoramiento en fot\u00f3nica para el c\u00e1lculo del desgaste de c\u00e1maras de mezclador interno\n                    <\/a>\n                <\/h4>\n                <p>\n                    La empresa KCM, S.L. ha desarrollado el proyecto \u201cAsesoramiento en fot\u00f3nica para el c\u00e1lculo del desgaste de c\u00e1maras de mezclador interno\u201d\n                <\/p>\n            <\/div>\n            <div class=\"fecha\">\n                <small>\n                    <span class=\"fa fa-calendar text-primary mr-2\"><\/span>\n                    <span class=\"dia\">10<\/span>\n                    <span class=\"mes\">novembre<\/span>\n                    <span class=\"year\">2025<\/span>\n                <\/small>\n            <\/div>\n        <\/article>\n\n\n\n\n\n\n\n\n\n        \n\n        <article class=\"novetat d-flex flex-column\">\n\n            <a class=\"\" href=\"https:\/\/kcmen.net\/fr\/equiplast-2023\/\">\n            <figure class=\"image\">\n                <div class=\"image-bg\" style=\"background-image: url(https:\/\/kcmen.net\/wp-content\/uploads\/2023\/03\/equiplast_feria.png);\">\n                <\/div>\n            <\/figure>\n            <\/a>\n            <div class=\"content pt-3\">\n                \n                <h4 class=\"h5 font-weight-bold\">\n                    <a href=\"https:\/\/kcmen.net\/fr\/equiplast-2023\/\">\n                        KCM asistir\u00e1 a Equiplast 2023\n                    <\/a>\n                <\/h4>\n                <p>\n                    Nos complace anunciar que KCM asistir\u00e1 a la pr\u00f3xima edici\u00f3n de Equiplast en Barcelona, que... <a class=\"read-more\" href=\"https:\/\/kcmen.net\/fr\/equiplast-2023\/\">leer m\u00e1s<\/a>\n                <\/p>\n            <\/div>\n            <div class=\"fecha\">\n                <small>\n                    <span class=\"fa fa-calendar text-primary mr-2\"><\/span>\n                    <span class=\"dia\">24<\/span>\n                    <span class=\"mes\">mars<\/span>\n                    <span class=\"year\">2023<\/span>\n                <\/small>\n            <\/div>\n        <\/article>\n\n\n\n\n\n\n\n\n\n        \n\n        <article class=\"novetat d-flex flex-column\">\n\n            <a class=\"\" href=\"https:\/\/kcmen.net\/fr\/fusion-kcm-colmec\/\">\n            <figure class=\"image\">\n                <div class=\"image-bg\" style=\"background-image: url(https:\/\/kcmen.net\/wp-content\/uploads\/2023\/02\/Colmec1-1-400x275-1.jpg);\">\n                <\/div>\n            <\/figure>\n            <\/a>\n            <div class=\"content pt-3\">\n                \n                <h4 class=\"h5 font-weight-bold\">\n                    <a href=\"https:\/\/kcmen.net\/fr\/fusion-kcm-colmec\/\">\n                        Fusi\u00f3n KCM &#8211; COLMEC\n                    <\/a>\n                <\/h4>\n                <p>\n                    &nbsp; COLMEC y KCM\u00a0 unen fuerzas para aportar soluciones completas en la transformaci\u00f3n de elast\u00f3meros.... <a class=\"read-more\" href=\"https:\/\/kcmen.net\/fr\/fusion-kcm-colmec\/\">leer m\u00e1s<\/a>\n                <\/p>\n            <\/div>\n            <div class=\"fecha\">\n                <small>\n                    <span class=\"fa fa-calendar text-primary mr-2\"><\/span>\n                    <span class=\"dia\">23<\/span>\n                    <span class=\"mes\">f\u00e9vrier<\/span>\n                    <span class=\"year\">2023<\/span>\n                <\/small>\n            <\/div>\n        <\/article>\n\n\n\n\n\n\n\n\n\n        \n             \n            <\/div>\n\n            [\/vc_column_inner][\/vc_row_inner][\/vc_column][\/vc_row]<\/p>\n","protected":false},"excerpt":{"rendered":"<p>[vc_row full_width=\u00a0\u00bbstretch_row_content_no_spaces\u00a0\u00bb][vc_column][\/vc_column][\/vc_row][vc_row full_width=\u00a0\u00bbstretch_row\u00a0\u00bb el_class=\u00a0\u00bbpt-5 pb-5&Prime;][vc_column el_class=\u00a0\u00bbpt-5&Prime;][vc_row_inner equal_height=\u00a0\u00bbyes\u00a0\u00bb content_placement=\u00a0\u00bbmiddle\u00a0\u00bb][vc_column_inner el_class=\u00a0\u00bbpr-2 border-right border-primary\u00a0\u00bb width=\u00a0\u00bb1\/3&Prime;][vc_column_text el_class=\u00a0\u00bbtext-right\u00a0\u00bb][\/vc_column_text][vc_column_text el_class=\u00a0\u00bbtext-right\u00a0\u00bb css=\u00a0\u00bb.vc_custom_1602240605078{margin-bottom:&#8230; <a class=\"read-more\" href=\"https:\/\/kcmen.net\/fr\/fusion-kcm-colmec\/\">leer m\u00e1s<\/a><\/p>\n","protected":false},"author":1,"featured_media":0,"parent":0,"menu_order":1,"comment_status":"closed","ping_status":"closed","template":"","meta":[],"acf":[],"yoast_head":"<!-- This site is optimized with the Yoast SEO plugin v20.1 - https:\/\/yoast.com\/wordpress\/plugins\/seo\/ -->\n<title>- Accueil<\/title>\n<meta name=\"robots\" content=\"index, follow, max-snippet:-1, max-image-preview:large, max-video-preview:-1\" \/>\n<link rel=\"canonical\" href=\"https:\/\/kcmen.net\/fr\/\" \/>\n<meta property=\"og:locale\" content=\"fr_FR\" \/>\n<meta property=\"og:type\" content=\"article\" \/>\n<meta property=\"og:title\" content=\"- Accueil\" \/>\n<meta property=\"og:description\" content=\"[vc_row full_width=\u00a0\u00bbstretch_row_content_no_spaces\u00a0\u00bb][vc_column][\/vc_column][\/vc_row][vc_row full_width=\u00a0\u00bbstretch_row\u00a0\u00bb el_class=\u00a0\u00bbpt-5 pb-5&Prime;][vc_column el_class=\u00a0\u00bbpt-5&Prime;][vc_row_inner equal_height=\u00a0\u00bbyes\u00a0\u00bb content_placement=\u00a0\u00bbmiddle\u00a0\u00bb][vc_column_inner el_class=\u00a0\u00bbpr-2 border-right border-primary\u00a0\u00bb width=\u00a0\u00bb1\/3&Prime;][vc_column_text el_class=\u00a0\u00bbtext-right\u00a0\u00bb][\/vc_column_text][vc_column_text el_class=\u00a0\u00bbtext-right\u00a0\u00bb css=\u00a0\u00bb.vc_custom_1602240605078{margin-bottom:... leer m\u00e1s\" \/>\n<meta property=\"og:url\" content=\"https:\/\/kcmen.net\/fr\/\" \/>\n<meta property=\"og:site_name\" content=\"KCM\" \/>\n<meta property=\"article:modified_time\" content=\"2020-10-13T09:55:17+00:00\" \/>\n<meta property=\"og:image\" content=\"http:\/\/kcmen.net\/wp-content\/uploads\/2019\/06\/logo-600x225.png\" \/>\n<meta name=\"twitter:card\" content=\"summary_large_image\" \/>\n<meta name=\"twitter:label1\" content=\"Dur\u00e9e de lecture estim\u00e9e\" \/>\n\t<meta name=\"twitter:data1\" content=\"1 minute\" \/>\n<script type=\"application\/ld+json\" class=\"yoast-schema-graph\">{\"@context\":\"https:\/\/schema.org\",\"@graph\":[{\"@type\":\"WebPage\",\"@id\":\"https:\/\/kcmen.net\/fr\/\",\"url\":\"https:\/\/kcmen.net\/fr\/\",\"name\":\"- Accueil\",\"isPartOf\":{\"@id\":\"https:\/\/kcmen.net\/fr\/#website\"},\"datePublished\":\"2019-06-12T15:17:07+00:00\",\"dateModified\":\"2020-10-13T09:55:17+00:00\",\"breadcrumb\":{\"@id\":\"https:\/\/kcmen.net\/fr\/#breadcrumb\"},\"inLanguage\":\"fr-FR\",\"potentialAction\":[{\"@type\":\"ReadAction\",\"target\":[\"https:\/\/kcmen.net\/fr\/\"]}]},{\"@type\":\"BreadcrumbList\",\"@id\":\"https:\/\/kcmen.net\/fr\/#breadcrumb\",\"itemListElement\":[{\"@type\":\"ListItem\",\"position\":1,\"name\":\"Portada\",\"item\":\"https:\/\/kcmen.net\/fr\/\"},{\"@type\":\"ListItem\",\"position\":2,\"name\":\"Accueil\"}]},{\"@type\":\"WebSite\",\"@id\":\"https:\/\/kcmen.net\/fr\/#website\",\"url\":\"https:\/\/kcmen.net\/fr\/\",\"name\":\"KCM\",\"description\":\"Engineering for Elastomers Processing\",\"potentialAction\":[{\"@type\":\"SearchAction\",\"target\":{\"@type\":\"EntryPoint\",\"urlTemplate\":\"https:\/\/kcmen.net\/fr\/?s={search_term_string}\"},\"query-input\":\"required name=search_term_string\"}],\"inLanguage\":\"fr-FR\"}]}<\/script>\n<!-- \/ Yoast SEO plugin. -->","yoast_head_json":{"title":"- Accueil","robots":{"index":"index","follow":"follow","max-snippet":"max-snippet:-1","max-image-preview":"max-image-preview:large","max-video-preview":"max-video-preview:-1"},"canonical":"https:\/\/kcmen.net\/fr\/","og_locale":"fr_FR","og_type":"article","og_title":"- Accueil","og_description":"[vc_row full_width=\u00a0\u00bbstretch_row_content_no_spaces\u00a0\u00bb][vc_column][\/vc_column][\/vc_row][vc_row full_width=\u00a0\u00bbstretch_row\u00a0\u00bb el_class=\u00a0\u00bbpt-5 pb-5&Prime;][vc_column el_class=\u00a0\u00bbpt-5&Prime;][vc_row_inner equal_height=\u00a0\u00bbyes\u00a0\u00bb content_placement=\u00a0\u00bbmiddle\u00a0\u00bb][vc_column_inner el_class=\u00a0\u00bbpr-2 border-right border-primary\u00a0\u00bb width=\u00a0\u00bb1\/3&Prime;][vc_column_text el_class=\u00a0\u00bbtext-right\u00a0\u00bb][\/vc_column_text][vc_column_text el_class=\u00a0\u00bbtext-right\u00a0\u00bb css=\u00a0\u00bb.vc_custom_1602240605078{margin-bottom:... leer m\u00e1s","og_url":"https:\/\/kcmen.net\/fr\/","og_site_name":"KCM","article_modified_time":"2020-10-13T09:55:17+00:00","og_image":[{"url":"http:\/\/kcmen.net\/wp-content\/uploads\/2019\/06\/logo-600x225.png"}],"twitter_card":"summary_large_image","twitter_misc":{"Dur\u00e9e de lecture estim\u00e9e":"1 minute"},"schema":{"@context":"https:\/\/schema.org","@graph":[{"@type":"WebPage","@id":"https:\/\/kcmen.net\/fr\/","url":"https:\/\/kcmen.net\/fr\/","name":"- Accueil","isPartOf":{"@id":"https:\/\/kcmen.net\/fr\/#website"},"datePublished":"2019-06-12T15:17:07+00:00","dateModified":"2020-10-13T09:55:17+00:00","breadcrumb":{"@id":"https:\/\/kcmen.net\/fr\/#breadcrumb"},"inLanguage":"fr-FR","potentialAction":[{"@type":"ReadAction","target":["https:\/\/kcmen.net\/fr\/"]}]},{"@type":"BreadcrumbList","@id":"https:\/\/kcmen.net\/fr\/#breadcrumb","itemListElement":[{"@type":"ListItem","position":1,"name":"Portada","item":"https:\/\/kcmen.net\/fr\/"},{"@type":"ListItem","position":2,"name":"Accueil"}]},{"@type":"WebSite","@id":"https:\/\/kcmen.net\/fr\/#website","url":"https:\/\/kcmen.net\/fr\/","name":"KCM","description":"Engineering for Elastomers Processing","potentialAction":[{"@type":"SearchAction","target":{"@type":"EntryPoint","urlTemplate":"https:\/\/kcmen.net\/fr\/?s={search_term_string}"},"query-input":"required name=search_term_string"}],"inLanguage":"fr-FR"}]}},"_links":{"self":[{"href":"https:\/\/kcmen.net\/fr\/wp-json\/wp\/v2\/pages\/1037"}],"collection":[{"href":"https:\/\/kcmen.net\/fr\/wp-json\/wp\/v2\/pages"}],"about":[{"href":"https:\/\/kcmen.net\/fr\/wp-json\/wp\/v2\/types\/page"}],"author":[{"embeddable":true,"href":"https:\/\/kcmen.net\/fr\/wp-json\/wp\/v2\/users\/1"}],"replies":[{"embeddable":true,"href":"https:\/\/kcmen.net\/fr\/wp-json\/wp\/v2\/comments?post=1037"}],"version-history":[{"count":0,"href":"https:\/\/kcmen.net\/fr\/wp-json\/wp\/v2\/pages\/1037\/revisions"}],"wp:attachment":[{"href":"https:\/\/kcmen.net\/fr\/wp-json\/wp\/v2\/media?parent=1037"}],"curies":[{"name":"wp","href":"https:\/\/api.w.org\/{rel}","templated":true}]}}