{"id":1826,"date":"2019-06-12T17:10:26","date_gmt":"2019-06-12T15:10:26","guid":{"rendered":"http:\/\/kcmen.net\/politica-de-privacidad\/"},"modified":"2019-06-12T17:10:26","modified_gmt":"2019-06-12T15:10:26","slug":"politica-de-privacidad","status":"publish","type":"page","link":"https:\/\/kcmen.net\/en\/politica-de-privacidad\/","title":{"rendered":"Pol\u00edtica de privacidad"},"content":{"rendered":"<p>[vc_row full_width=&#8221;stretch_row_content_no_spaces&#8221;][vc_column]\n   <section class='header-image ' style='background-image:linear-gradient(rgba(0, 0, 0, 0.5), rgba(0, 0, 0, 0.5)),  url(https:\/\/kcmen.net\/wp-content\/uploads\/2019\/06\/slide-2.jpg);'>\n    <div class='container text-center text-white'>\n        <h1 class='h2 font-light mt-4 mb-0  '>Pol\u00edtica de privacidad<\/h1>\n        <p class='mt-0 mb-4'><a href='https:\/\/kcmen.net\/en\/'>Inicio<\/a> \/ Pol\u00edtica de privacidad<\/p>\n    <\/div>\n    <\/section>\n    [\/vc_column][\/vc_row][vc_row el_class=&#8221;py-5&#8243;][vc_column][vc_column_text]<\/p>\r\n<h2>Qui som<\/h2>\r\n\r\n<p>La nostra adre\u00e7a web \u00e9s: http:\/\/kcmen.net.<\/p>\r\n\r\n<p>&nbsp;<\/p>\r\n\r\n<h2>Quines dades personals recollim i per qu\u00e8<\/h2>\r\n\r\n<p>&nbsp;<\/p>\r\n\r\n<h3>Comentaris<\/h3>\r\n\r\n<p>Quan els visitants deixen comentaris a la web, recollim les dades que es mostren al formulari de contacte, aix\u00ed com l&#8217;adre\u00e7a IP del visitant i la cadena de l&#8217;agent de l&#8217;usuari del navegador per ajudar a la detecci\u00f3 de missatges brossa.<\/p>\r\n\r\n<p>Una cadena anonimitzada creada a partir del correu electr\u00f2nic (tamb\u00e9 nomenat un hash) pot proporcionar-se al servei Gravatar per veure si l&#8217;esteu usant. La pol\u00edtica de privadesa del servei Gravatar est\u00e0 disponible aqu\u00ed: https:\/\/automattic.com\/privacy\/. Una vegada aprovat el comentari, la imatge del vostre perfil \u00e9s visible al p\u00fablic al context del comentari.<\/p>\r\n\r\n<p>&nbsp;<\/p>\r\n\r\n<h3>M\u00e8dia<\/h3>\r\n\r\n<p>Si pugeu imatges al lloc web, heu d&#8217;evitar pujar imatges que incloguin dades de geolocalitzaci\u00f3 (EXIF GPS) incrustades. Els visitants del lloc web poden descarregar i extreure qualsevol informaci\u00f3 de les imatges de la web.<\/p>\r\n\r\n<p>&nbsp;<\/p>\r\n\r\n<h3>Formularis de contacte<\/h3>\r\n\r\n<p>&nbsp;<\/p>\r\n\r\n<h3>Galetes<\/h3>\r\n\r\n<p>Si deixeu un comentari en la p\u00e0gina web, podeu optar per desar el nom, l&#8217;adre\u00e7a de correu electr\u00f2nic i la p\u00e0gina web en les galetes. Aix\u00f2 \u00e9s per la vostra comoditat perqu\u00e8 no h\u00e0geu d&#8217;emplenar les dades de nou quan feu un altre comentari. Aquestes galetes duraran un any.<\/p>\r\n\r\n<p>Si teniu un compte i inicieu sessi\u00f3 en aquesta p\u00e0gina web, es definir\u00e0 una galeta temporal per determinar si el navegador accepta galetes. Aquesta galeta no cont\u00e9 dades personals i es descartar\u00e0 quan tanqueu el navegador.<\/p>\r\n\r\n<p>Quan inicieu sessi\u00f3, tamb\u00e9 es configuraran diverses galetes per desar la informaci\u00f3 d&#8217;inici de sessi\u00f3 i les opcions de visualitzaci\u00f3 de la pantalla. Les galeres d&#8217;inici de sessi\u00f3 duren dos dies, i les galetes de les opcions de pantalla duren un any. Si seleccioneu &#8220;Recordeu-me&#8221;, l&#8217;inici de sessi\u00f3 persistir\u00e0 durant dues setmanes. Si finalitzeu la sessi\u00f3, les galetes d&#8217;inici de sessi\u00f3 seran suprimides.<\/p>\r\n\r\n<p>Si editeu o publiqueu un article, una galeta addicional es desar\u00e0 al navegador. Aquesta galeta no inclou dades personals i simplement indica l&#8217;identificador de l&#8217;entrada que acabeu d&#8217;editar. Expira despr\u00e9s d&#8217;1 dia.<\/p>\r\n\r\n<p>&nbsp;<\/p>\r\n\r\n<h3>Contingut incrustat d&#8217;altres llocs web<\/h3>\r\n\r\n<p>Els articles en aquesta p\u00e0gina web inclou contingut incrustat (per exemple, v\u00eddeos, imatges, articles, etc.). El contingut incrustat des d&#8217;altres p\u00e0gines web es comporta exactament de la mateixa manera com si el visitant estigu\u00e9s visitant l&#8217;altra p\u00e0gina web.<\/p>\r\n\r\n<p>Aquestes p\u00e0gines web poden recollir dades sobre v\u00f3s, fer servir galetes, incrustar seguiment addicional de terceres parts, i monitorar la interacci\u00f3 amb el contingut incrustat, incloent-hi la tra\u00e7a de la interacci\u00f3 amb el contingut incrustat si teniu un compte i heu iniciat sessi\u00f3 en aquesta p\u00e0gina web.<\/p>\r\n\r\n<p>&nbsp;<\/p>\r\n\r\n<h3>Anal\u00edtiques<\/h3>\r\n\r\n<p>&nbsp;<\/p>\r\n\r\n<h2>Amb qui compartim les vostres dades<\/h2>\r\n\r\n<p>&nbsp;<\/p>\r\n\r\n<h2>Quant de temps retenim les dades<\/h2>\r\n\r\n<p>Si deixeu un comentari, el comentari i les seves dades meta es retenen indefinidament. Aix\u00f2 \u00e9s per poder recon\u00e8ixer i aprovar autom\u00e0ticament qualsevol comentari de seguiment en lloc de mantenir-los en la cua de moderaci\u00f3.<\/p>\r\n\r\n<p>Per als usuaris que es registren en la web (si hi ha), tamb\u00e9 emmagatzemem la informaci\u00f3 personal que proporcionen al seu perfil d&#8217;usuari. Tots els usuaris poden veure, editar o suprimir la seva informaci\u00f3 personal en qualsevol moment (excepte que no poden canviar el seu nom d&#8217;usuari). Els administradors de la p\u00e0gina web poden tamb\u00e9 editar aquesta informaci\u00f3.<\/p>\r\n\r\n<p>&nbsp;<\/p>\r\n\r\n<h2>Quins drets teniu sobre les vostres dades<\/h2>\r\n\r\n<p>Si teniu un compte en aquest lloc web o hi heu deixat comentaris, podeu demanar que us enviem un fitxer d&#8217;exportaci\u00f3 de les vostres dades personals, incloent-hi totes les dades que ens h\u00e0geu proporcionat. Tamb\u00e9 podeu demanar que esborrem qualsevol dada personal vostra que tinguem. Aix\u00f2 no inclou les dades que estiguem obligats a conservar amb prop\u00f2sits administratius, legals o de seguretat.<\/p>\r\n\r\n<p>&nbsp;<\/p>\r\n\r\n<h2>On enviem les vostres dades<\/h2>\r\n\r\n<p>Els comentaris dels visitants han de ser comprovats mitjan\u00e7ant un servei de detecci\u00f3 de brossa automatitzat.<\/p>\r\n\r\n<p>&nbsp;<\/p>\r\n\r\n<h2>Informaci\u00f3 de contacte<\/h2>\r\n\r\n<p>&nbsp;<\/p>\r\n\r\n<h2>Informaci\u00f3 addicional<\/h2>\r\n\r\n<p>&nbsp;<\/p>\r\n\r\n<h3>Com protegim les vostres dades<\/h3>\r\n\r\n<p>&nbsp;<\/p>\r\n\r\n<h3>Quins procediments d&#8217;incompliment de dades tenim en el lloc<\/h3>\r\n\r\n<p>&nbsp;<\/p>\r\n\r\n<h3>De quins tercers rebem dades<\/h3>\r\n\r\n<p>&nbsp;<\/p>\r\n\r\n<h3>Quina presa de decisions automatitzada i\/o perfil fem amb les dades de l&#8217;usuari<\/h3>\r\n\r\n<p>&nbsp;<\/p>\r\n\r\n<h3>Requisits de divulgaci\u00f3 reglament\u00e0ria de la ind\u00fastria<\/h3>\r\n<p>[\/vc_column_text][\/vc_column][\/vc_row]<\/p>","protected":false},"excerpt":{"rendered":"<p>[vc_row full_width=&#8221;stretch_row_content_no_spaces&#8221;][vc_column][\/vc_column][\/vc_row][vc_row el_class=&#8221;py-5&#8243;][vc_column][vc_column_text] Qui som La nostra adre\u00e7a web \u00e9s: http:\/\/kcmen.net. &nbsp; Quines dades personals&#8230; <a class=\"read-more\" href=\"https:\/\/kcmen.net\/en\/politica-de-privacidad\/\">leer m\u00e1s<\/a><\/p>\n","protected":false},"author":1,"featured_media":0,"parent":0,"menu_order":33,"comment_status":"closed","ping_status":"open","template":"","meta":[],"acf":[],"yoast_head":"<!-- This site is optimized with the Yoast SEO plugin v20.1 - https:\/\/yoast.com\/wordpress\/plugins\/seo\/ -->\n<title>- Pol\u00edtica de privacidad<\/title>\n<meta name=\"robots\" content=\"index, follow, max-snippet:-1, max-image-preview:large, max-video-preview:-1\" \/>\n<link rel=\"canonical\" href=\"https:\/\/kcmen.net\/en\/politica-de-privacidad\/\" \/>\n<meta property=\"og:locale\" content=\"en_US\" \/>\n<meta property=\"og:type\" content=\"article\" \/>\n<meta property=\"og:title\" content=\"- Pol\u00edtica de privacidad\" \/>\n<meta property=\"og:description\" content=\"[vc_row full_width=&#8221;stretch_row_content_no_spaces&#8221;][vc_column][\/vc_column][\/vc_row][vc_row el_class=&#8221;py-5&#8243;][vc_column][vc_column_text] Qui som La nostra adre\u00e7a web \u00e9s: http:\/\/kcmen.net. &nbsp; Quines dades personals... leer m\u00e1s\" \/>\n<meta property=\"og:url\" content=\"https:\/\/kcmen.net\/en\/politica-de-privacidad\/\" \/>\n<meta property=\"og:site_name\" content=\"KCM\" \/>\n<meta name=\"twitter:card\" content=\"summary_large_image\" \/>\n<meta name=\"twitter:label1\" content=\"Est. reading time\" \/>\n\t<meta name=\"twitter:data1\" content=\"4 minutes\" \/>\n<script type=\"application\/ld+json\" class=\"yoast-schema-graph\">{\"@context\":\"https:\/\/schema.org\",\"@graph\":[{\"@type\":\"WebPage\",\"@id\":\"https:\/\/kcmen.net\/en\/politica-de-privacidad\/\",\"url\":\"https:\/\/kcmen.net\/en\/politica-de-privacidad\/\",\"name\":\"- Pol\u00edtica de privacidad\",\"isPartOf\":{\"@id\":\"https:\/\/kcmen.net\/en\/#website\"},\"datePublished\":\"2019-06-12T15:10:26+00:00\",\"dateModified\":\"2019-06-12T15:10:26+00:00\",\"breadcrumb\":{\"@id\":\"https:\/\/kcmen.net\/en\/politica-de-privacidad\/#breadcrumb\"},\"inLanguage\":\"en-US\",\"potentialAction\":[{\"@type\":\"ReadAction\",\"target\":[\"https:\/\/kcmen.net\/en\/politica-de-privacidad\/\"]}]},{\"@type\":\"BreadcrumbList\",\"@id\":\"https:\/\/kcmen.net\/en\/politica-de-privacidad\/#breadcrumb\",\"itemListElement\":[{\"@type\":\"ListItem\",\"position\":1,\"name\":\"Portada\",\"item\":\"https:\/\/kcmen.net\/en\/\"},{\"@type\":\"ListItem\",\"position\":2,\"name\":\"Pol\u00edtica de privacidad\"}]},{\"@type\":\"WebSite\",\"@id\":\"https:\/\/kcmen.net\/en\/#website\",\"url\":\"https:\/\/kcmen.net\/en\/\",\"name\":\"KCM\",\"description\":\"Engineering for Elastomers Processing\",\"potentialAction\":[{\"@type\":\"SearchAction\",\"target\":{\"@type\":\"EntryPoint\",\"urlTemplate\":\"https:\/\/kcmen.net\/en\/?s={search_term_string}\"},\"query-input\":\"required name=search_term_string\"}],\"inLanguage\":\"en-US\"}]}<\/script>\n<!-- \/ Yoast SEO plugin. -->","yoast_head_json":{"title":"- Pol\u00edtica de privacidad","robots":{"index":"index","follow":"follow","max-snippet":"max-snippet:-1","max-image-preview":"max-image-preview:large","max-video-preview":"max-video-preview:-1"},"canonical":"https:\/\/kcmen.net\/en\/politica-de-privacidad\/","og_locale":"en_US","og_type":"article","og_title":"- Pol\u00edtica de privacidad","og_description":"[vc_row full_width=&#8221;stretch_row_content_no_spaces&#8221;][vc_column][\/vc_column][\/vc_row][vc_row el_class=&#8221;py-5&#8243;][vc_column][vc_column_text] Qui som La nostra adre\u00e7a web \u00e9s: http:\/\/kcmen.net. &nbsp; Quines dades personals... leer m\u00e1s","og_url":"https:\/\/kcmen.net\/en\/politica-de-privacidad\/","og_site_name":"KCM","twitter_card":"summary_large_image","twitter_misc":{"Est. reading time":"4 minutes"},"schema":{"@context":"https:\/\/schema.org","@graph":[{"@type":"WebPage","@id":"https:\/\/kcmen.net\/en\/politica-de-privacidad\/","url":"https:\/\/kcmen.net\/en\/politica-de-privacidad\/","name":"- Pol\u00edtica de privacidad","isPartOf":{"@id":"https:\/\/kcmen.net\/en\/#website"},"datePublished":"2019-06-12T15:10:26+00:00","dateModified":"2019-06-12T15:10:26+00:00","breadcrumb":{"@id":"https:\/\/kcmen.net\/en\/politica-de-privacidad\/#breadcrumb"},"inLanguage":"en-US","potentialAction":[{"@type":"ReadAction","target":["https:\/\/kcmen.net\/en\/politica-de-privacidad\/"]}]},{"@type":"BreadcrumbList","@id":"https:\/\/kcmen.net\/en\/politica-de-privacidad\/#breadcrumb","itemListElement":[{"@type":"ListItem","position":1,"name":"Portada","item":"https:\/\/kcmen.net\/en\/"},{"@type":"ListItem","position":2,"name":"Pol\u00edtica de privacidad"}]},{"@type":"WebSite","@id":"https:\/\/kcmen.net\/en\/#website","url":"https:\/\/kcmen.net\/en\/","name":"KCM","description":"Engineering for Elastomers Processing","potentialAction":[{"@type":"SearchAction","target":{"@type":"EntryPoint","urlTemplate":"https:\/\/kcmen.net\/en\/?s={search_term_string}"},"query-input":"required name=search_term_string"}],"inLanguage":"en-US"}]}},"_links":{"self":[{"href":"https:\/\/kcmen.net\/en\/wp-json\/wp\/v2\/pages\/1826"}],"collection":[{"href":"https:\/\/kcmen.net\/en\/wp-json\/wp\/v2\/pages"}],"about":[{"href":"https:\/\/kcmen.net\/en\/wp-json\/wp\/v2\/types\/page"}],"author":[{"embeddable":true,"href":"https:\/\/kcmen.net\/en\/wp-json\/wp\/v2\/users\/1"}],"replies":[{"embeddable":true,"href":"https:\/\/kcmen.net\/en\/wp-json\/wp\/v2\/comments?post=1826"}],"version-history":[{"count":0,"href":"https:\/\/kcmen.net\/en\/wp-json\/wp\/v2\/pages\/1826\/revisions"}],"wp:attachment":[{"href":"https:\/\/kcmen.net\/en\/wp-json\/wp\/v2\/media?parent=1826"}],"curies":[{"name":"wp","href":"https:\/\/api.w.org\/{rel}","templated":true}]}}