{"id":1036,"date":"2019-06-12T17:17:07","date_gmt":"2019-06-12T15:17:07","guid":{"rendered":"http:\/\/kcmen.net\/inicio\/"},"modified":"2020-10-13T11:54:44","modified_gmt":"2020-10-13T09:54:44","slug":"inicio","status":"publish","type":"page","link":"https:\/\/kcmen.net\/en\/","title":{"rendered":"Home"},"content":{"rendered":"<p>[vc_row full_width=&#8221;stretch_row_content_no_spaces&#8221;][vc_column]\n        <div class='intro position-relative'>\n            <div class='slider-preloader'>\n                <div class='preloader-slider'>\n                    <span class='preloader-gif'><\/span>\n                <\/div>\n                <div class='position-absolute text'>\n                    <div class='container text-slide'>\n                        \n                        <h1 style=\"text-align: center;\"><strong>Manufacture of machinery<\/strong><br \/>\n<strong>for the rubber industry.<\/strong><\/h1>\n<p style=\"text-align: center;\">We adapt the appropriate equipment according to the needs of our client, incorporating the latest technologies with the highest quality.<\/p>\n<p style=\"text-align: center;\"><a class=\"btn btn-primary\" href=\"\/en\/compania\/\">Read more<\/a> <a class=\"btn btn-outline-primary bg-white\" href=\"\/en\/contact\/\">Contact<\/a><\/p>\n\n                    <\/div>\n                <\/div>\n                <div class='slide-principal owl-carousel'>\n                <div class=\"slide\" style=\"background-image:linear-gradient(to right, rgba(0,0,0,0.4), rgba(0,0,0,0.2)), url(https:\/\/kcmen.net\/wp-content\/uploads\/2019\/07\/kcm_slide02-1200x546.jpg);\"><\/div><div class=\"slide\" style=\"background-image:linear-gradient(to right, rgba(0,0,0,0.4), rgba(0,0,0,0.2)), url(https:\/\/kcmen.net\/wp-content\/uploads\/2020\/06\/kcm_slide033-1200x546.jpg);\"><\/div>\n                <\/div>\n            <\/div>\n        <\/div>\n        [\/vc_column][\/vc_row][vc_row full_width=&#8221;stretch_row&#8221; el_class=&#8221;pt-5 pb-5&#8243;][vc_column el_class=&#8221;pt-5&#8243;][vc_row_inner equal_height=&#8221;yes&#8221; content_placement=&#8221;middle&#8221;][vc_column_inner el_class=&#8221;pr-2 border-right border-primary&#8221; width=&#8221;1\/3&#8243;][vc_column_text el_class=&#8221;text-right&#8221;]<img decoding=\"async\" class=\"alignnone size-medium wp-image-31\" src=\"http:\/\/kcmen.net\/wp-content\/uploads\/2019\/06\/logo-600x225.png\" alt=\"\" width=\"173\" \/>[\/vc_column_text][vc_column_text el_class=&#8221;text-right&#8221; css=&#8221;.vc_custom_1602240447453{margin-bottom: 0px !important;padding-bottom: 0px !important;}&#8221;]<\/p>\n<h4><strong>SPECIALITS<\/strong><br \/>\n<strong>in rubber machinery<\/strong><\/h4>\n<p>[\/vc_column_text][\/vc_column_inner][vc_column_inner width=&#8221;2\/3&#8243;][vc_column_text css=&#8221;.vc_custom_1602240457612{margin-top: 20px !important;margin-bottom: 20px !important;}&#8221;]KCM is a company dedicated to engineering and machine manufacturing for the rubber industry since 1989.[\/vc_column_text][vc_raw_html el_class=&#8221;text-right&#8221;]JTNDYSUyMGhyZWYlM0QlMjIlMkZlbiUyRmNvbXBhbmlhJTIyJTIwY2xhc3MlM0QlMjJidG4lMjBidG4tcHJpbWFyeSUyMHRleHQtcmlnaHQlMjIlM0VNb3JlJTIwaW5mb3JtYXRpb24lM0MlMkZhJTNF[\/vc_raw_html][\/vc_column_inner][\/vc_row_inner][\/vc_column][\/vc_row][vc_row full_width=&#8221;stretch_row&#8221; el_class=&#8221;pt-5 pb-2&#8243;][vc_column][vc_row_inner][vc_column_inner]\n            <div class=\"productos aaa row\">\n            \n                \n\n        <article class=\"col-md-6 col-lg-4 producto d-flex flex-column mb-4\">\n\n            <a class=\"link\" href=\"https:\/\/kcmen.net\/en\/productos\/internal-mixers\/\">\n            <figure class=\"image\">\n                <div class=\"image-bg\" style=\"background-image: url(https:\/\/kcmen.net\/wp-content\/uploads\/2019\/06\/Mezcladores-internos-cabecera.png);\">\n                <\/div>\n                <div class=\"circle\"><span class=\"fa fa-plus\"><\/span><\/div>\n            <\/figure>\n            <\/a>\n            <div class=\"content border h-100 p-3\">\n                \n                <h4 class=\"h4 font-weight-bold\">\n                    <a href=\"https:\/\/kcmen.net\/en\/productos\/internal-mixers\/\">\n                        Internal Mixers\n                    <\/a>\n\n                <\/h4>\n                <!-- KCM has extensive experience in internal mixers for polymer compounding. -->\n            <\/div>\n            \n        <\/article>\n\n\n\n\n\n\n\n\n\n        \n\n        <article class=\"col-md-6 col-lg-4 producto d-flex flex-column mb-4\">\n\n            <a class=\"link\" href=\"https:\/\/kcmen.net\/en\/productos\/mixing-mills\/\">\n            <figure class=\"image\">\n                <div class=\"image-bg\" style=\"background-image: url(https:\/\/kcmen.net\/wp-content\/uploads\/2019\/06\/indice_mezcladores_cilindros2-1200x792.png);\">\n                <\/div>\n                <div class=\"circle\"><span class=\"fa fa-plus\"><\/span><\/div>\n            <\/figure>\n            <\/a>\n            <div class=\"content border h-100 p-3\">\n                \n                <h4 class=\"h4 font-weight-bold\">\n                    <a href=\"https:\/\/kcmen.net\/en\/productos\/mixing-mills\/\">\n                        Mixing mills\n                    <\/a>\n\n                <\/h4>\n                <!-- Wide range of models for both industrial and laboratory Variable roll speed and friction ratio. -->\n            <\/div>\n            \n        <\/article>\n\n\n\n\n\n\n\n\n\n        \n\n        <article class=\"col-md-6 col-lg-4 producto d-flex flex-column mb-4\">\n\n            <a class=\"link\" href=\"https:\/\/kcmen.net\/en\/productos\/rubber-strainers\/\">\n            <figure class=\"image\">\n                <div class=\"image-bg\" style=\"background-image: url(https:\/\/kcmen.net\/wp-content\/uploads\/2019\/07\/Inicio-filtradora.png);\">\n                <\/div>\n                <div class=\"circle\"><span class=\"fa fa-plus\"><\/span><\/div>\n            <\/figure>\n            <\/a>\n            <div class=\"content border h-100 p-3\">\n                \n                <h4 class=\"h4 font-weight-bold\">\n                    <a href=\"https:\/\/kcmen.net\/en\/productos\/rubber-strainers\/\">\n                        Rubber strainers\n                    <\/a>\n\n                <\/h4>\n                <!-- Rubber straining process is an essential process for getting a final product of the highest... <a class=\"read-more\" href=\"https:\/\/kcmen.net\/en\/productos\/rubber-strainers\/\">leer m\u00e1s<\/a> -->\n            <\/div>\n            \n        <\/article>\n\n\n\n\n\n\n\n\n\n        \n\n        <article class=\"col-md-6 col-lg-4 producto d-flex flex-column mb-4\">\n\n            <a class=\"link\" href=\"https:\/\/kcmen.net\/en\/productos\/hydraulic-press\/\">\n            <figure class=\"image\">\n                <div class=\"image-bg\" style=\"background-image: url(https:\/\/kcmen.net\/wp-content\/uploads\/2019\/06\/maquina-1200x792.png);\">\n                <\/div>\n                <div class=\"circle\"><span class=\"fa fa-plus\"><\/span><\/div>\n            <\/figure>\n            <\/a>\n            <div class=\"content border h-100 p-3\">\n                \n                <h4 class=\"h4 font-weight-bold\">\n                    <a href=\"https:\/\/kcmen.net\/en\/productos\/hydraulic-press\/\">\n                        Hydraulic press\n                    <\/a>\n\n                <\/h4>\n                <!-- We supply hydraulic presses for specific and laboratory processes. -->\n            <\/div>\n            \n        <\/article>\n\n\n\n\n\n\n\n\n\n        \n\n        <article class=\"col-md-6 col-lg-4 producto d-flex flex-column mb-4\">\n\n            <a class=\"link\" href=\"https:\/\/kcmen.net\/en\/productos\/extruders\/\">\n            <figure class=\"image\">\n                <div class=\"image-bg\" style=\"background-image: url(https:\/\/kcmen.net\/wp-content\/uploads\/2019\/06\/Inicio-extrusora.png);\">\n                <\/div>\n                <div class=\"circle\"><span class=\"fa fa-plus\"><\/span><\/div>\n            <\/figure>\n            <\/a>\n            <div class=\"content border h-100 p-3\">\n                \n                <h4 class=\"h4 font-weight-bold\">\n                    <a href=\"https:\/\/kcmen.net\/en\/productos\/extruders\/\">\n                        Extruders\n                    <\/a>\n\n                <\/h4>\n                <!-- We supply individual extruders with specific extrusion heads as well as complete lines for all... <a class=\"read-more\" href=\"https:\/\/kcmen.net\/en\/productos\/extruders\/\">leer m\u00e1s<\/a> -->\n            <\/div>\n            \n        <\/article>\n\n\n\n\n\n\n\n\n\n        \n\n        <article class=\"col-md-6 col-lg-4 producto d-flex flex-column mb-4\">\n\n            <a class=\"link\" href=\"https:\/\/kcmen.net\/en\/productos\/complete-extrusion-lines\/\">\n            <figure class=\"image\">\n                <div class=\"image-bg\" style=\"background-image: url(https:\/\/kcmen.net\/wp-content\/uploads\/2019\/06\/lineas_home.jpg);\">\n                <\/div>\n                <div class=\"circle\"><span class=\"fa fa-plus\"><\/span><\/div>\n            <\/figure>\n            <\/a>\n            <div class=\"content border h-100 p-3\">\n                \n                <h4 class=\"h4 font-weight-bold\">\n                    <a href=\"https:\/\/kcmen.net\/en\/productos\/complete-extrusion-lines\/\">\n                        Complete extrusion lines\n                    <\/a>\n\n                <\/h4>\n                <!-- KCM designs complete extrusion lines for the production of: Profiles for building and automobile industry.... <a class=\"read-more\" href=\"https:\/\/kcmen.net\/en\/productos\/complete-extrusion-lines\/\">leer m\u00e1s<\/a> -->\n            <\/div>\n            \n        <\/article>\n\n\n\n\n\n\n\n\n\n        \n             \n            <\/div>\n\n            [\/vc_column_inner][\/vc_row_inner][\/vc_column][\/vc_row][vc_row full_width=&#8221;stretch_row&#8221; el_class=&#8221;pt-5 pb-5&#8243;][vc_column][vc_empty_space height=&#8221;5px&#8221; el_class=&#8221;bg-primary&#8221;][\/vc_column][\/vc_row][vc_row full_width=&#8221;stretch_row&#8221; el_class=&#8221;pt-4 pb-5&#8243;][vc_column][vc_row_inner][vc_column_inner]\n            <div class=\"novetats owl-carousel\">\n            \n                \n\n        <article class=\"novetat d-flex flex-column\">\n\n            <a class=\"\" href=\"https:\/\/kcmen.net\/en\/asesoramiento-en-fotonica-para-el-calculo-del-desgaste-de-camaras-de-mezclador-interno\/\">\n            <figure class=\"image\">\n                <div class=\"image-bg\" style=\"background-image: url(https:\/\/kcmen.net\/wp-content\/uploads\/2025\/11\/ACCIO_GENCAT.jpg);\">\n                <\/div>\n            <\/figure>\n            <\/a>\n            <div class=\"content pt-3\">\n                \n                <h4 class=\"h5 font-weight-bold\">\n                    <a href=\"https:\/\/kcmen.net\/en\/asesoramiento-en-fotonica-para-el-calculo-del-desgaste-de-camaras-de-mezclador-interno\/\">\n                        Asesoramiento en fot\u00f3nica para el c\u00e1lculo del desgaste de c\u00e1maras de mezclador interno\n                    <\/a>\n                <\/h4>\n                <p>\n                    La empresa KCM, S.L. ha desarrollado el proyecto \u201cAsesoramiento en fot\u00f3nica para el c\u00e1lculo del desgaste de c\u00e1maras de mezclador interno\u201d\n                <\/p>\n            <\/div>\n            <div class=\"fecha\">\n                <small>\n                    <span class=\"fa fa-calendar text-primary mr-2\"><\/span>\n                    <span class=\"dia\">10<\/span>\n                    <span class=\"mes\">November<\/span>\n                    <span class=\"year\">2025<\/span>\n                <\/small>\n            <\/div>\n        <\/article>\n\n\n\n\n\n\n\n\n\n        \n\n        <article class=\"novetat d-flex flex-column\">\n\n            <a class=\"\" href=\"https:\/\/kcmen.net\/en\/equiplast-2023\/\">\n            <figure class=\"image\">\n                <div class=\"image-bg\" style=\"background-image: url(https:\/\/kcmen.net\/wp-content\/uploads\/2023\/03\/equiplast_feria.png);\">\n                <\/div>\n            <\/figure>\n            <\/a>\n            <div class=\"content pt-3\">\n                \n                <h4 class=\"h5 font-weight-bold\">\n                    <a href=\"https:\/\/kcmen.net\/en\/equiplast-2023\/\">\n                        KCM asistir\u00e1 a Equiplast 2023\n                    <\/a>\n                <\/h4>\n                <p>\n                    Nos complace anunciar que KCM asistir\u00e1 a la pr\u00f3xima edici\u00f3n de Equiplast en Barcelona, que... <a class=\"read-more\" href=\"https:\/\/kcmen.net\/en\/equiplast-2023\/\">leer m\u00e1s<\/a>\n                <\/p>\n            <\/div>\n            <div class=\"fecha\">\n                <small>\n                    <span class=\"fa fa-calendar text-primary mr-2\"><\/span>\n                    <span class=\"dia\">24<\/span>\n                    <span class=\"mes\">March<\/span>\n                    <span class=\"year\">2023<\/span>\n                <\/small>\n            <\/div>\n        <\/article>\n\n\n\n\n\n\n\n\n\n        \n\n        <article class=\"novetat d-flex flex-column\">\n\n            <a class=\"\" href=\"https:\/\/kcmen.net\/en\/fusion-kcm-colmec\/\">\n            <figure class=\"image\">\n                <div class=\"image-bg\" style=\"background-image: url(https:\/\/kcmen.net\/wp-content\/uploads\/2023\/02\/Colmec1-1-400x275-1.jpg);\">\n                <\/div>\n            <\/figure>\n            <\/a>\n            <div class=\"content pt-3\">\n                \n                <h4 class=\"h5 font-weight-bold\">\n                    <a href=\"https:\/\/kcmen.net\/en\/fusion-kcm-colmec\/\">\n                        Fusi\u00f3n KCM &#8211; COLMEC\n                    <\/a>\n                <\/h4>\n                <p>\n                    &nbsp; COLMEC y KCM\u00a0 unen fuerzas para aportar soluciones completas en la transformaci\u00f3n de elast\u00f3meros.... <a class=\"read-more\" href=\"https:\/\/kcmen.net\/en\/fusion-kcm-colmec\/\">leer m\u00e1s<\/a>\n                <\/p>\n            <\/div>\n            <div class=\"fecha\">\n                <small>\n                    <span class=\"fa fa-calendar text-primary mr-2\"><\/span>\n                    <span class=\"dia\">23<\/span>\n                    <span class=\"mes\">February<\/span>\n                    <span class=\"year\">2023<\/span>\n                <\/small>\n            <\/div>\n        <\/article>\n\n\n\n\n\n\n\n\n\n        \n             \n            <\/div>\n\n            [\/vc_column_inner][\/vc_row_inner][\/vc_column][\/vc_row]<\/p>\n","protected":false},"excerpt":{"rendered":"<p>[vc_row full_width=&#8221;stretch_row_content_no_spaces&#8221;][vc_column][\/vc_column][\/vc_row][vc_row full_width=&#8221;stretch_row&#8221; el_class=&#8221;pt-5 pb-5&#8243;][vc_column el_class=&#8221;pt-5&#8243;][vc_row_inner equal_height=&#8221;yes&#8221; content_placement=&#8221;middle&#8221;][vc_column_inner el_class=&#8221;pr-2 border-right border-primary&#8221; width=&#8221;1\/3&#8243;][vc_column_text el_class=&#8221;text-right&#8221;][\/vc_column_text][vc_column_text el_class=&#8221;text-right&#8221; css=&#8221;.vc_custom_1602240447453{margin-bottom:&#8230; <a class=\"read-more\" href=\"https:\/\/kcmen.net\/en\/fusion-kcm-colmec\/\">leer m\u00e1s<\/a><\/p>\n","protected":false},"author":1,"featured_media":0,"parent":0,"menu_order":1,"comment_status":"closed","ping_status":"closed","template":"","meta":[],"acf":[],"yoast_head":"<!-- This site is optimized with the Yoast SEO plugin v20.1 - https:\/\/yoast.com\/wordpress\/plugins\/seo\/ -->\n<title>- Home<\/title>\n<meta name=\"robots\" content=\"index, follow, max-snippet:-1, max-image-preview:large, max-video-preview:-1\" \/>\n<link rel=\"canonical\" href=\"https:\/\/kcmen.net\/en\/\" \/>\n<meta property=\"og:locale\" content=\"en_US\" \/>\n<meta property=\"og:type\" content=\"article\" \/>\n<meta property=\"og:title\" content=\"- Home\" \/>\n<meta property=\"og:description\" content=\"[vc_row full_width=&#8221;stretch_row_content_no_spaces&#8221;][vc_column][\/vc_column][\/vc_row][vc_row full_width=&#8221;stretch_row&#8221; el_class=&#8221;pt-5 pb-5&#8243;][vc_column el_class=&#8221;pt-5&#8243;][vc_row_inner equal_height=&#8221;yes&#8221; content_placement=&#8221;middle&#8221;][vc_column_inner el_class=&#8221;pr-2 border-right border-primary&#8221; width=&#8221;1\/3&#8243;][vc_column_text el_class=&#8221;text-right&#8221;][\/vc_column_text][vc_column_text el_class=&#8221;text-right&#8221; css=&#8221;.vc_custom_1602240447453{margin-bottom:... leer m\u00e1s\" \/>\n<meta property=\"og:url\" content=\"https:\/\/kcmen.net\/en\/\" \/>\n<meta property=\"og:site_name\" content=\"KCM\" \/>\n<meta property=\"article:modified_time\" content=\"2020-10-13T09:54:44+00:00\" \/>\n<meta property=\"og:image\" content=\"http:\/\/kcmen.net\/wp-content\/uploads\/2019\/06\/logo-600x225.png\" \/>\n<meta name=\"twitter:card\" content=\"summary_large_image\" \/>\n<meta name=\"twitter:label1\" content=\"Est. reading time\" \/>\n\t<meta name=\"twitter:data1\" content=\"1 minute\" \/>\n<script type=\"application\/ld+json\" class=\"yoast-schema-graph\">{\"@context\":\"https:\/\/schema.org\",\"@graph\":[{\"@type\":\"WebPage\",\"@id\":\"https:\/\/kcmen.net\/en\/\",\"url\":\"https:\/\/kcmen.net\/en\/\",\"name\":\"- Home\",\"isPartOf\":{\"@id\":\"https:\/\/kcmen.net\/en\/#website\"},\"datePublished\":\"2019-06-12T15:17:07+00:00\",\"dateModified\":\"2020-10-13T09:54:44+00:00\",\"breadcrumb\":{\"@id\":\"https:\/\/kcmen.net\/en\/#breadcrumb\"},\"inLanguage\":\"en-US\",\"potentialAction\":[{\"@type\":\"ReadAction\",\"target\":[\"https:\/\/kcmen.net\/en\/\"]}]},{\"@type\":\"BreadcrumbList\",\"@id\":\"https:\/\/kcmen.net\/en\/#breadcrumb\",\"itemListElement\":[{\"@type\":\"ListItem\",\"position\":1,\"name\":\"Portada\",\"item\":\"https:\/\/kcmen.net\/en\/\"},{\"@type\":\"ListItem\",\"position\":2,\"name\":\"Home\"}]},{\"@type\":\"WebSite\",\"@id\":\"https:\/\/kcmen.net\/en\/#website\",\"url\":\"https:\/\/kcmen.net\/en\/\",\"name\":\"KCM\",\"description\":\"Engineering for Elastomers Processing\",\"potentialAction\":[{\"@type\":\"SearchAction\",\"target\":{\"@type\":\"EntryPoint\",\"urlTemplate\":\"https:\/\/kcmen.net\/en\/?s={search_term_string}\"},\"query-input\":\"required name=search_term_string\"}],\"inLanguage\":\"en-US\"}]}<\/script>\n<!-- \/ Yoast SEO plugin. -->","yoast_head_json":{"title":"- Home","robots":{"index":"index","follow":"follow","max-snippet":"max-snippet:-1","max-image-preview":"max-image-preview:large","max-video-preview":"max-video-preview:-1"},"canonical":"https:\/\/kcmen.net\/en\/","og_locale":"en_US","og_type":"article","og_title":"- Home","og_description":"[vc_row full_width=&#8221;stretch_row_content_no_spaces&#8221;][vc_column][\/vc_column][\/vc_row][vc_row full_width=&#8221;stretch_row&#8221; el_class=&#8221;pt-5 pb-5&#8243;][vc_column el_class=&#8221;pt-5&#8243;][vc_row_inner equal_height=&#8221;yes&#8221; content_placement=&#8221;middle&#8221;][vc_column_inner el_class=&#8221;pr-2 border-right border-primary&#8221; width=&#8221;1\/3&#8243;][vc_column_text el_class=&#8221;text-right&#8221;][\/vc_column_text][vc_column_text el_class=&#8221;text-right&#8221; css=&#8221;.vc_custom_1602240447453{margin-bottom:... leer m\u00e1s","og_url":"https:\/\/kcmen.net\/en\/","og_site_name":"KCM","article_modified_time":"2020-10-13T09:54:44+00:00","og_image":[{"url":"http:\/\/kcmen.net\/wp-content\/uploads\/2019\/06\/logo-600x225.png"}],"twitter_card":"summary_large_image","twitter_misc":{"Est. reading time":"1 minute"},"schema":{"@context":"https:\/\/schema.org","@graph":[{"@type":"WebPage","@id":"https:\/\/kcmen.net\/en\/","url":"https:\/\/kcmen.net\/en\/","name":"- Home","isPartOf":{"@id":"https:\/\/kcmen.net\/en\/#website"},"datePublished":"2019-06-12T15:17:07+00:00","dateModified":"2020-10-13T09:54:44+00:00","breadcrumb":{"@id":"https:\/\/kcmen.net\/en\/#breadcrumb"},"inLanguage":"en-US","potentialAction":[{"@type":"ReadAction","target":["https:\/\/kcmen.net\/en\/"]}]},{"@type":"BreadcrumbList","@id":"https:\/\/kcmen.net\/en\/#breadcrumb","itemListElement":[{"@type":"ListItem","position":1,"name":"Portada","item":"https:\/\/kcmen.net\/en\/"},{"@type":"ListItem","position":2,"name":"Home"}]},{"@type":"WebSite","@id":"https:\/\/kcmen.net\/en\/#website","url":"https:\/\/kcmen.net\/en\/","name":"KCM","description":"Engineering for Elastomers Processing","potentialAction":[{"@type":"SearchAction","target":{"@type":"EntryPoint","urlTemplate":"https:\/\/kcmen.net\/en\/?s={search_term_string}"},"query-input":"required name=search_term_string"}],"inLanguage":"en-US"}]}},"_links":{"self":[{"href":"https:\/\/kcmen.net\/en\/wp-json\/wp\/v2\/pages\/1036"}],"collection":[{"href":"https:\/\/kcmen.net\/en\/wp-json\/wp\/v2\/pages"}],"about":[{"href":"https:\/\/kcmen.net\/en\/wp-json\/wp\/v2\/types\/page"}],"author":[{"embeddable":true,"href":"https:\/\/kcmen.net\/en\/wp-json\/wp\/v2\/users\/1"}],"replies":[{"embeddable":true,"href":"https:\/\/kcmen.net\/en\/wp-json\/wp\/v2\/comments?post=1036"}],"version-history":[{"count":0,"href":"https:\/\/kcmen.net\/en\/wp-json\/wp\/v2\/pages\/1036\/revisions"}],"wp:attachment":[{"href":"https:\/\/kcmen.net\/en\/wp-json\/wp\/v2\/media?parent=1036"}],"curies":[{"name":"wp","href":"https:\/\/api.w.org\/{rel}","templated":true}]}}