{"id":1781,"date":"2019-06-13T17:37:32","date_gmt":"2019-06-13T15:37:32","guid":{"rendered":"http:\/\/kcmen.net\/productos\/"},"modified":"2020-10-13T11:41:08","modified_gmt":"2020-10-13T09:41:08","slug":"productes","status":"publish","type":"page","link":"https:\/\/kcmen.net\/ca\/productes\/","title":{"rendered":"Productes"},"content":{"rendered":"<p>[vc_row full_width=&#8221;stretch_row_content_no_spaces&#8221;][vc_column]\n   <section class='header-image ' style='background-image:linear-gradient(rgba(0, 0, 0, 0.5), rgba(0, 0, 0, 0.5)),  url(https:\/\/kcmen.net\/wp-content\/uploads\/2019\/07\/kcm_productos.jpg);'>\n    <div class='container text-center text-white'>\n        <h1 class='h2 font-light mt-4 mb-0  '>Productes<\/h1>\n        <p class='mt-0 mb-4'><a href='https:\/\/kcmen.net\/ca\/'>Inicio<\/a> \/ Productes<\/p>\n    <\/div>\n    <\/section>\n    [\/vc_column][\/vc_row][vc_row full_width=&#8221;stretch_row&#8221; el_class=&#8221;pt-5 pb-5&#8243;][vc_column]\n            <div class=\"productos aaa row\">\n            \n                \n\n        <article class=\"col-md-6 col-lg-4 producto d-flex flex-column mb-4\">\n\n            <a class=\"link\" href=\"https:\/\/kcmen.net\/ca\/productos\/mescladors-interns\/\">\n            <figure class=\"image\">\n                <div class=\"image-bg\" style=\"background-image: url(https:\/\/kcmen.net\/wp-content\/uploads\/2019\/06\/Mezcladores-internos-cabecera.png);\">\n                <\/div>\n                <div class=\"circle\"><span class=\"fa fa-plus\"><\/span><\/div>\n            <\/figure>\n            <\/a>\n            <div class=\"content border h-100 p-3\">\n                \n                <h4 class=\"h4 font-weight-bold\">\n                    <a href=\"https:\/\/kcmen.net\/ca\/productos\/mescladors-interns\/\">\n                        Mescladors Interns\n                    <\/a>\n\n                <\/h4>\n                <!-- KCM t\u00e9 una amplia experi\u00e8ncia en mescladors interns per la composici\u00f3 de pol\u00edmers. -->\n            <\/div>\n            \n        <\/article>\n\n\n\n\n\n\n\n\n\n        \n\n        <article class=\"col-md-6 col-lg-4 producto d-flex flex-column mb-4\">\n\n            <a class=\"link\" href=\"https:\/\/kcmen.net\/ca\/productos\/mescladors-de-cilindres\/\">\n            <figure class=\"image\">\n                <div class=\"image-bg\" style=\"background-image: url(https:\/\/kcmen.net\/wp-content\/uploads\/2019\/06\/indice_mezcladores_cilindros2-1200x792.png);\">\n                <\/div>\n                <div class=\"circle\"><span class=\"fa fa-plus\"><\/span><\/div>\n            <\/figure>\n            <\/a>\n            <div class=\"content border h-100 p-3\">\n                \n                <h4 class=\"h4 font-weight-bold\">\n                    <a href=\"https:\/\/kcmen.net\/ca\/productos\/mescladors-de-cilindres\/\">\n                        Mescladors de cilindres\n                    <\/a>\n\n                <\/h4>\n                <!-- Extensa gama de models tant com industrials com de laboratori. Velocitat dels rodets i relaci\u00f3... <a class=\"read-more\" href=\"https:\/\/kcmen.net\/ca\/productos\/mescladors-de-cilindres\/\">leer m\u00e1s<\/a> -->\n            <\/div>\n            \n        <\/article>\n\n\n\n\n\n\n\n\n\n        \n\n        <article class=\"col-md-6 col-lg-4 producto d-flex flex-column mb-4\">\n\n            <a class=\"link\" href=\"https:\/\/kcmen.net\/ca\/productos\/filtradores\/\">\n            <figure class=\"image\">\n                <div class=\"image-bg\" style=\"background-image: url(https:\/\/kcmen.net\/wp-content\/uploads\/2019\/07\/Inicio-filtradora.png);\">\n                <\/div>\n                <div class=\"circle\"><span class=\"fa fa-plus\"><\/span><\/div>\n            <\/figure>\n            <\/a>\n            <div class=\"content border h-100 p-3\">\n                \n                <h4 class=\"h4 font-weight-bold\">\n                    <a href=\"https:\/\/kcmen.net\/ca\/productos\/filtradores\/\">\n                        Filtradores\n                    <\/a>\n\n                <\/h4>\n                <!-- El filtrat del cautx\u00fa \u00e9s un proc\u00e9s essencial per obtenir un producte final de la... <a class=\"read-more\" href=\"https:\/\/kcmen.net\/ca\/productos\/filtradores\/\">leer m\u00e1s<\/a> -->\n            <\/div>\n            \n        <\/article>\n\n\n\n\n\n\n\n\n\n        \n\n        <article class=\"col-md-6 col-lg-4 producto d-flex flex-column mb-4\">\n\n            <a class=\"link\" href=\"https:\/\/kcmen.net\/ca\/productos\/premses-hidrauliques\/\">\n            <figure class=\"image\">\n                <div class=\"image-bg\" style=\"background-image: url(https:\/\/kcmen.net\/wp-content\/uploads\/2019\/06\/maquina-1200x792.png);\">\n                <\/div>\n                <div class=\"circle\"><span class=\"fa fa-plus\"><\/span><\/div>\n            <\/figure>\n            <\/a>\n            <div class=\"content border h-100 p-3\">\n                \n                <h4 class=\"h4 font-weight-bold\">\n                    <a href=\"https:\/\/kcmen.net\/ca\/productos\/premses-hidrauliques\/\">\n                        Premses hidr\u00e0uliques\n                    <\/a>\n\n                <\/h4>\n                <!-- Subministrem premses hidr\u00e0uliques per processos espec\u00edfics i de laboratori. -->\n            <\/div>\n            \n        <\/article>\n\n\n\n\n\n\n\n\n\n        \n\n        <article class=\"col-md-6 col-lg-4 producto d-flex flex-column mb-4\">\n\n            <a class=\"link\" href=\"https:\/\/kcmen.net\/ca\/productos\/extrusores\/\">\n            <figure class=\"image\">\n                <div class=\"image-bg\" style=\"background-image: url(https:\/\/kcmen.net\/wp-content\/uploads\/2019\/06\/Inicio-extrusora.png);\">\n                <\/div>\n                <div class=\"circle\"><span class=\"fa fa-plus\"><\/span><\/div>\n            <\/figure>\n            <\/a>\n            <div class=\"content border h-100 p-3\">\n                \n                <h4 class=\"h4 font-weight-bold\">\n                    <a href=\"https:\/\/kcmen.net\/ca\/productos\/extrusores\/\">\n                        Extrusores\n                    <\/a>\n\n                <\/h4>\n                <!-- Subministrem extrusores individuals amb cap\u00e7als espec\u00edfics aix\u00ed com instal\u00b7lacions complertes per perfils de tot tipus... <a class=\"read-more\" href=\"https:\/\/kcmen.net\/ca\/productos\/extrusores\/\">leer m\u00e1s<\/a> -->\n            <\/div>\n            \n        <\/article>\n\n\n\n\n\n\n\n\n\n        \n\n        <article class=\"col-md-6 col-lg-4 producto d-flex flex-column mb-4\">\n\n            <a class=\"link\" href=\"https:\/\/kcmen.net\/ca\/productos\/linies-complertes-d-extrusio\/\">\n            <figure class=\"image\">\n                <div class=\"image-bg\" style=\"background-image: url(https:\/\/kcmen.net\/wp-content\/uploads\/2019\/06\/lineas_home.jpg);\">\n                <\/div>\n                <div class=\"circle\"><span class=\"fa fa-plus\"><\/span><\/div>\n            <\/figure>\n            <\/a>\n            <div class=\"content border h-100 p-3\">\n                \n                <h4 class=\"h4 font-weight-bold\">\n                    <a href=\"https:\/\/kcmen.net\/ca\/productos\/linies-complertes-d-extrusio\/\">\n                        L\u00ednies complertes d\u2019 extrusi\u00f3\n                    <\/a>\n\n                <\/h4>\n                <!-- Dissenyem l\u00ednies complertes d\u2019 extrusi\u00f3 per la producci\u00f3 de: Perfils per la construcci\u00f3 o autom\u00f2bil... <a class=\"read-more\" href=\"https:\/\/kcmen.net\/ca\/productos\/linies-complertes-d-extrusio\/\">leer m\u00e1s<\/a> -->\n            <\/div>\n            \n        <\/article>\n\n\n\n\n\n\n\n\n\n        \n             \n            <\/div>\n\n            [\/vc_column][\/vc_row]<\/p>\n","protected":false},"excerpt":{"rendered":"<p>[vc_row full_width=&#8221;stretch_row_content_no_spaces&#8221;][vc_column][\/vc_column][\/vc_row][vc_row full_width=&#8221;stretch_row&#8221; el_class=&#8221;pt-5 pb-5&#8243;][vc_column][\/vc_column][\/vc_row]<\/p>\n","protected":false},"author":1,"featured_media":0,"parent":0,"menu_order":12,"comment_status":"closed","ping_status":"closed","template":"","meta":[],"acf":[],"yoast_head":"<!-- This site is optimized with the Yoast SEO plugin v20.1 - https:\/\/yoast.com\/wordpress\/plugins\/seo\/ -->\n<title>- Productes<\/title>\n<meta name=\"robots\" content=\"index, follow, max-snippet:-1, max-image-preview:large, max-video-preview:-1\" \/>\n<link rel=\"canonical\" href=\"https:\/\/kcmen.net\/ca\/productes\/\" \/>\n<meta property=\"og:locale\" content=\"ca_ES\" \/>\n<meta property=\"og:type\" content=\"article\" \/>\n<meta property=\"og:title\" content=\"- Productes\" \/>\n<meta property=\"og:description\" content=\"[vc_row full_width=&#8221;stretch_row_content_no_spaces&#8221;][vc_column][\/vc_column][\/vc_row][vc_row full_width=&#8221;stretch_row&#8221; el_class=&#8221;pt-5 pb-5&#8243;][vc_column][\/vc_column][\/vc_row]\" \/>\n<meta property=\"og:url\" content=\"https:\/\/kcmen.net\/ca\/productes\/\" \/>\n<meta property=\"og:site_name\" content=\"KCM\" \/>\n<meta property=\"article:modified_time\" content=\"2020-10-13T09:41:08+00:00\" \/>\n<meta name=\"twitter:card\" content=\"summary_large_image\" \/>\n<script type=\"application\/ld+json\" class=\"yoast-schema-graph\">{\"@context\":\"https:\/\/schema.org\",\"@graph\":[{\"@type\":\"WebPage\",\"@id\":\"https:\/\/kcmen.net\/ca\/productes\/\",\"url\":\"https:\/\/kcmen.net\/ca\/productes\/\",\"name\":\"- Productes\",\"isPartOf\":{\"@id\":\"https:\/\/kcmen.net\/ca\/#website\"},\"datePublished\":\"2019-06-13T15:37:32+00:00\",\"dateModified\":\"2020-10-13T09:41:08+00:00\",\"breadcrumb\":{\"@id\":\"https:\/\/kcmen.net\/ca\/productes\/#breadcrumb\"},\"inLanguage\":\"ca\",\"potentialAction\":[{\"@type\":\"ReadAction\",\"target\":[\"https:\/\/kcmen.net\/ca\/productes\/\"]}]},{\"@type\":\"BreadcrumbList\",\"@id\":\"https:\/\/kcmen.net\/ca\/productes\/#breadcrumb\",\"itemListElement\":[{\"@type\":\"ListItem\",\"position\":1,\"name\":\"Portada\",\"item\":\"https:\/\/kcmen.net\/ca\/\"},{\"@type\":\"ListItem\",\"position\":2,\"name\":\"Productes\"}]},{\"@type\":\"WebSite\",\"@id\":\"https:\/\/kcmen.net\/ca\/#website\",\"url\":\"https:\/\/kcmen.net\/ca\/\",\"name\":\"KCM\",\"description\":\"Engineering for Elastomers Processing\",\"potentialAction\":[{\"@type\":\"SearchAction\",\"target\":{\"@type\":\"EntryPoint\",\"urlTemplate\":\"https:\/\/kcmen.net\/ca\/?s={search_term_string}\"},\"query-input\":\"required name=search_term_string\"}],\"inLanguage\":\"ca\"}]}<\/script>\n<!-- \/ Yoast SEO plugin. -->","yoast_head_json":{"title":"- Productes","robots":{"index":"index","follow":"follow","max-snippet":"max-snippet:-1","max-image-preview":"max-image-preview:large","max-video-preview":"max-video-preview:-1"},"canonical":"https:\/\/kcmen.net\/ca\/productes\/","og_locale":"ca_ES","og_type":"article","og_title":"- Productes","og_description":"[vc_row full_width=&#8221;stretch_row_content_no_spaces&#8221;][vc_column][\/vc_column][\/vc_row][vc_row full_width=&#8221;stretch_row&#8221; el_class=&#8221;pt-5 pb-5&#8243;][vc_column][\/vc_column][\/vc_row]","og_url":"https:\/\/kcmen.net\/ca\/productes\/","og_site_name":"KCM","article_modified_time":"2020-10-13T09:41:08+00:00","twitter_card":"summary_large_image","schema":{"@context":"https:\/\/schema.org","@graph":[{"@type":"WebPage","@id":"https:\/\/kcmen.net\/ca\/productes\/","url":"https:\/\/kcmen.net\/ca\/productes\/","name":"- Productes","isPartOf":{"@id":"https:\/\/kcmen.net\/ca\/#website"},"datePublished":"2019-06-13T15:37:32+00:00","dateModified":"2020-10-13T09:41:08+00:00","breadcrumb":{"@id":"https:\/\/kcmen.net\/ca\/productes\/#breadcrumb"},"inLanguage":"ca","potentialAction":[{"@type":"ReadAction","target":["https:\/\/kcmen.net\/ca\/productes\/"]}]},{"@type":"BreadcrumbList","@id":"https:\/\/kcmen.net\/ca\/productes\/#breadcrumb","itemListElement":[{"@type":"ListItem","position":1,"name":"Portada","item":"https:\/\/kcmen.net\/ca\/"},{"@type":"ListItem","position":2,"name":"Productes"}]},{"@type":"WebSite","@id":"https:\/\/kcmen.net\/ca\/#website","url":"https:\/\/kcmen.net\/ca\/","name":"KCM","description":"Engineering for Elastomers Processing","potentialAction":[{"@type":"SearchAction","target":{"@type":"EntryPoint","urlTemplate":"https:\/\/kcmen.net\/ca\/?s={search_term_string}"},"query-input":"required name=search_term_string"}],"inLanguage":"ca"}]}},"_links":{"self":[{"href":"https:\/\/kcmen.net\/ca\/wp-json\/wp\/v2\/pages\/1781"}],"collection":[{"href":"https:\/\/kcmen.net\/ca\/wp-json\/wp\/v2\/pages"}],"about":[{"href":"https:\/\/kcmen.net\/ca\/wp-json\/wp\/v2\/types\/page"}],"author":[{"embeddable":true,"href":"https:\/\/kcmen.net\/ca\/wp-json\/wp\/v2\/users\/1"}],"replies":[{"embeddable":true,"href":"https:\/\/kcmen.net\/ca\/wp-json\/wp\/v2\/comments?post=1781"}],"version-history":[{"count":0,"href":"https:\/\/kcmen.net\/ca\/wp-json\/wp\/v2\/pages\/1781\/revisions"}],"wp:attachment":[{"href":"https:\/\/kcmen.net\/ca\/wp-json\/wp\/v2\/media?parent=1781"}],"curies":[{"name":"wp","href":"https:\/\/api.w.org\/{rel}","templated":true}]}}