{"id":1062,"date":"2019-06-12T17:17:16","date_gmt":"2019-06-12T15:17:16","guid":{"rendered":"http:\/\/kcmen.net\/compania\/"},"modified":"2020-10-09T13:02:47","modified_gmt":"2020-10-09T11:02:47","slug":"compania","status":"publish","type":"page","link":"https:\/\/kcmen.net\/ca\/compania\/","title":{"rendered":"Companyia"},"content":{"rendered":"<p>[vc_row full_width=&#8221;stretch_row_content_no_spaces&#8221;][vc_column]\n   <section class='header-image ' style='background-image:linear-gradient(rgba(0, 0, 0, 0.5), rgba(0, 0, 0, 0.5)),  url(https:\/\/kcmen.net\/wp-content\/uploads\/2019\/07\/compania_home.jpg);'>\n    <div class='container text-center text-white'>\n        <h1 class='h2 font-light mt-4 mb-0  '>Companyia<\/h1>\n        <p class='mt-0 mb-4'><a href='https:\/\/kcmen.net\/ca\/'>Inicio<\/a> \/ Companyia<\/p>\n    <\/div>\n    <\/section>\n    [\/vc_column][\/vc_row][vc_row full_width=&#8221;stretch_row&#8221; el_class=&#8221;pt-5&#8243;][vc_column width=&#8221;1\/2&#8243;][vc_column_text]<strong class=\"text-primary\">Qui som<\/strong><\/p>\n<h3 style=\"text-align: left;\"><strong>M\u00e9s de <span class=\"text-primary\">30 anys<\/span> en el sector de l\u2019 enginyeria i construcci\u00f3 de maquinaria<\/strong><\/h3>\n<p>Som una empresa dedicada a l\u2019 enginyeria i construcci\u00f3 de maquinaria per l\u2019 industria del cautx\u00fa, amb una gran experi\u00e8ncia en el sector. L\u2019 innovaci\u00f3 \u00e9s nostra auto exig\u00e8ncia i objectiu permanent.<\/p>\n<p>Adaptem l\u2019equip prec\u00eds segons les necessitats de proc\u00e9s dels nostres clients, incorporant les \u00faltimes tecnologies amb la m\u00e0xima qualitat.<\/p>\n<p>En KCM subministrem l\u00ednies complertes de proc\u00e9s amb els equipis complementaris que precisin els projectes dels nostres clients i tamb\u00e9 optimitzem la maquinaria existent per aconseguir millors rendiments i assolir la millor qualitat del producte fabricat.<br \/>\n[\/vc_column_text][vc_empty_space height=&#8221;4px&#8221; el_class=&#8221;bg-primary mt-5 mb-5&#8243;][vc_single_image image=&#8221;483&#8243; img_size=&#8221;large&#8221;][\/vc_column][vc_column width=&#8221;1\/2&#8243;][vc_single_image image=&#8221;431&#8243; img_size=&#8221;large&#8221;][vc_column_text]<\/p>\n<h3 style=\"text-align: left;\"><strong>Des de <span class=\"text-primary\">1989<\/span>, prestem serveis als nostres clients.<\/strong><\/h3>\n<p>Des de fa tres d\u00e8cades en KCM aportem tot els nostre coneixement i especialitzaci\u00f3 a cada projecte, desenvolupant la maquinaria adequada segons les necessitats espec\u00edfiques dels nostres clients i oferint a m\u00e9s un servei t\u00e8cnic personalitzat garanteixi el millor rendiment i qualitat del producte final. [\/vc_column_text][vc_column_text]<\/p>\n<h3 style=\"text-align: left;\"><strong>Pres\u00e8ncia Internacional<\/strong><\/h3>\n<p>Som assessors, col\u00b7laboradors i prove\u00efdors d\u2019 enginyeria i equips pel proc\u00e9s del cautx\u00fa i altres pol\u00edmers. Els nostres clients, del mercat nacional i internacional, s\u00f3n tant de l\u2019industria del neum\u00e0tic com de la fabricaci\u00f3 de peces t\u00e8cniques i cable. [\/vc_column_text][vc_column_text]<\/p>\n<h3 style=\"text-align: left;\"><strong>Sostenibilitat<\/strong><\/h3>\n<p>Treballem de forma respectuosa amb el medi ambient i ens basem en principi de desenvolupament sostenible, evitant emissions contaminants i complint amb tots els requisits legals en els nostres processos de fabricaci\u00f3 i manteniment de maquinaria. [\/vc_column_text][\/vc_column][\/vc_row][vc_row full_width=&#8221;stretch_row&#8221; el_class=&#8221;pb-5&#8243;][vc_column][vc_empty_space height=&#8221;4px&#8221; el_class=&#8221;bg-primary mt-5 mb-5&#8243;][vc_column_text]<strong class=\"text-primary\">Serveis<\/strong><\/p>\n<h3 style=\"text-align: left;\"><strong>Pre i Postventa<\/strong><\/h3>\n<p>El nostre departament comercial aporta la soluci\u00f3 adequada per cada necessitat recolzat per tres d\u00e8cades d\u2019 especialitzaci\u00f3 en maquinaria per l\u2019 industria del cautx\u00fa. A m\u00e9s, en KCM posem a disposici\u00f3 el nostre servei d\u2019 assist\u00e8ncia t\u00e8cnica formada per personal altament qualificat i experimentat tant en processos del cautx\u00fa com aspectes mec\u00e0nics o electr\u00f2nics. [\/vc_column_text][\/vc_column][\/vc_row]<\/p>\n","protected":false},"excerpt":{"rendered":"<p>[vc_row full_width=&#8221;stretch_row_content_no_spaces&#8221;][vc_column][\/vc_column][\/vc_row][vc_row full_width=&#8221;stretch_row&#8221; el_class=&#8221;pt-5&#8243;][vc_column width=&#8221;1\/2&#8243;][vc_column_text]Qui som M\u00e9s de 30 anys en el sector de l\u2019&#8230; <a class=\"read-more\" href=\"https:\/\/kcmen.net\/ca\/compania\/\">leer m\u00e1s<\/a><\/p>\n","protected":false},"author":1,"featured_media":0,"parent":0,"menu_order":6,"comment_status":"closed","ping_status":"closed","template":"","meta":[],"acf":[],"yoast_head":"<!-- This site is optimized with the Yoast SEO plugin v20.1 - https:\/\/yoast.com\/wordpress\/plugins\/seo\/ -->\n<title>- Companyia<\/title>\n<meta name=\"robots\" content=\"index, follow, max-snippet:-1, max-image-preview:large, max-video-preview:-1\" \/>\n<link rel=\"canonical\" href=\"https:\/\/kcmen.net\/ca\/compania\/\" \/>\n<meta property=\"og:locale\" content=\"ca_ES\" \/>\n<meta property=\"og:type\" content=\"article\" \/>\n<meta property=\"og:title\" content=\"- Companyia\" \/>\n<meta property=\"og:description\" content=\"[vc_row full_width=&#8221;stretch_row_content_no_spaces&#8221;][vc_column][\/vc_column][\/vc_row][vc_row full_width=&#8221;stretch_row&#8221; el_class=&#8221;pt-5&#8243;][vc_column width=&#8221;1\/2&#8243;][vc_column_text]Qui som M\u00e9s de 30 anys en el sector de l\u2019... leer m\u00e1s\" \/>\n<meta property=\"og:url\" content=\"https:\/\/kcmen.net\/ca\/compania\/\" \/>\n<meta property=\"og:site_name\" content=\"KCM\" \/>\n<meta property=\"article:modified_time\" content=\"2020-10-09T11:02:47+00:00\" \/>\n<meta name=\"twitter:card\" content=\"summary_large_image\" \/>\n<meta name=\"twitter:label1\" content=\"Temps estimat de lectura\" \/>\n\t<meta name=\"twitter:data1\" content=\"2 minuts\" \/>\n<script type=\"application\/ld+json\" class=\"yoast-schema-graph\">{\"@context\":\"https:\/\/schema.org\",\"@graph\":[{\"@type\":\"WebPage\",\"@id\":\"https:\/\/kcmen.net\/ca\/compania\/\",\"url\":\"https:\/\/kcmen.net\/ca\/compania\/\",\"name\":\"- Companyia\",\"isPartOf\":{\"@id\":\"https:\/\/kcmen.net\/ca\/#website\"},\"datePublished\":\"2019-06-12T15:17:16+00:00\",\"dateModified\":\"2020-10-09T11:02:47+00:00\",\"breadcrumb\":{\"@id\":\"https:\/\/kcmen.net\/ca\/compania\/#breadcrumb\"},\"inLanguage\":\"ca\",\"potentialAction\":[{\"@type\":\"ReadAction\",\"target\":[\"https:\/\/kcmen.net\/ca\/compania\/\"]}]},{\"@type\":\"BreadcrumbList\",\"@id\":\"https:\/\/kcmen.net\/ca\/compania\/#breadcrumb\",\"itemListElement\":[{\"@type\":\"ListItem\",\"position\":1,\"name\":\"Portada\",\"item\":\"https:\/\/kcmen.net\/ca\/\"},{\"@type\":\"ListItem\",\"position\":2,\"name\":\"Companyia\"}]},{\"@type\":\"WebSite\",\"@id\":\"https:\/\/kcmen.net\/ca\/#website\",\"url\":\"https:\/\/kcmen.net\/ca\/\",\"name\":\"KCM\",\"description\":\"Engineering for Elastomers Processing\",\"potentialAction\":[{\"@type\":\"SearchAction\",\"target\":{\"@type\":\"EntryPoint\",\"urlTemplate\":\"https:\/\/kcmen.net\/ca\/?s={search_term_string}\"},\"query-input\":\"required name=search_term_string\"}],\"inLanguage\":\"ca\"}]}<\/script>\n<!-- \/ Yoast SEO plugin. -->","yoast_head_json":{"title":"- Companyia","robots":{"index":"index","follow":"follow","max-snippet":"max-snippet:-1","max-image-preview":"max-image-preview:large","max-video-preview":"max-video-preview:-1"},"canonical":"https:\/\/kcmen.net\/ca\/compania\/","og_locale":"ca_ES","og_type":"article","og_title":"- Companyia","og_description":"[vc_row full_width=&#8221;stretch_row_content_no_spaces&#8221;][vc_column][\/vc_column][\/vc_row][vc_row full_width=&#8221;stretch_row&#8221; el_class=&#8221;pt-5&#8243;][vc_column width=&#8221;1\/2&#8243;][vc_column_text]Qui som M\u00e9s de 30 anys en el sector de l\u2019... leer m\u00e1s","og_url":"https:\/\/kcmen.net\/ca\/compania\/","og_site_name":"KCM","article_modified_time":"2020-10-09T11:02:47+00:00","twitter_card":"summary_large_image","twitter_misc":{"Temps estimat de lectura":"2 minuts"},"schema":{"@context":"https:\/\/schema.org","@graph":[{"@type":"WebPage","@id":"https:\/\/kcmen.net\/ca\/compania\/","url":"https:\/\/kcmen.net\/ca\/compania\/","name":"- Companyia","isPartOf":{"@id":"https:\/\/kcmen.net\/ca\/#website"},"datePublished":"2019-06-12T15:17:16+00:00","dateModified":"2020-10-09T11:02:47+00:00","breadcrumb":{"@id":"https:\/\/kcmen.net\/ca\/compania\/#breadcrumb"},"inLanguage":"ca","potentialAction":[{"@type":"ReadAction","target":["https:\/\/kcmen.net\/ca\/compania\/"]}]},{"@type":"BreadcrumbList","@id":"https:\/\/kcmen.net\/ca\/compania\/#breadcrumb","itemListElement":[{"@type":"ListItem","position":1,"name":"Portada","item":"https:\/\/kcmen.net\/ca\/"},{"@type":"ListItem","position":2,"name":"Companyia"}]},{"@type":"WebSite","@id":"https:\/\/kcmen.net\/ca\/#website","url":"https:\/\/kcmen.net\/ca\/","name":"KCM","description":"Engineering for Elastomers Processing","potentialAction":[{"@type":"SearchAction","target":{"@type":"EntryPoint","urlTemplate":"https:\/\/kcmen.net\/ca\/?s={search_term_string}"},"query-input":"required name=search_term_string"}],"inLanguage":"ca"}]}},"_links":{"self":[{"href":"https:\/\/kcmen.net\/ca\/wp-json\/wp\/v2\/pages\/1062"}],"collection":[{"href":"https:\/\/kcmen.net\/ca\/wp-json\/wp\/v2\/pages"}],"about":[{"href":"https:\/\/kcmen.net\/ca\/wp-json\/wp\/v2\/types\/page"}],"author":[{"embeddable":true,"href":"https:\/\/kcmen.net\/ca\/wp-json\/wp\/v2\/users\/1"}],"replies":[{"embeddable":true,"href":"https:\/\/kcmen.net\/ca\/wp-json\/wp\/v2\/comments?post=1062"}],"version-history":[{"count":0,"href":"https:\/\/kcmen.net\/ca\/wp-json\/wp\/v2\/pages\/1062\/revisions"}],"wp:attachment":[{"href":"https:\/\/kcmen.net\/ca\/wp-json\/wp\/v2\/media?parent=1062"}],"curies":[{"name":"wp","href":"https:\/\/api.w.org\/{rel}","templated":true}]}}